{"id":180,"date":"2022-12-07T19:28:58","date_gmt":"2022-12-07T18:28:58","guid":{"rendered":"https:\/\/consportoalegre.esteri.it\/servizi-consolari-e-visti\/servizi-per-il-cittadino-italiano\/autoveicoli-e-patenti-di-guida\/"},"modified":"2025-02-27T20:16:10","modified_gmt":"2025-02-27T19:16:10","slug":"autoveicoli-e-patenti-di-guida","status":"publish","type":"page","link":"https:\/\/consportoalegre.esteri.it\/pt\/servizi-consolari-e-visti\/servizi-per-il-cittadino-italiano\/altri-servizi\/autoveicoli-e-patenti-di-guida\/","title":{"rendered":"Ve\u00edculos e cartas de condu\u00e7\u00e3o"},"content":{"rendered":"<p>AVISO: Caducidade do Acordo sobre reconhecimento reciproco em mat\u00e9ria de Convers\u00e3o de Carteiras de Habilita\u00e7\u00e3o<\/p>\n<p>Informamos que, ap\u00f3s a expira\u00e7\u00e3o do Acordo de reconhecimento m\u00fatuo sobre a convers\u00e3o de cartas de condu\u00e7\u00e3o, a partir de 13 de janeiro de 2023, e enquanto se aguarda a ratifica\u00e7\u00e3o do novo Acordo por ambas as partes\u00a0 para que entre em vigor, <span style=\"text-decoration: underline;\">n\u00e3o \u00e9 poss\u00edvel aceitar pedidos de convers\u00e3o de carteiras de motorista brasileiras na It\u00e1lia e italianas no Brasil.<\/span><\/p>\n<p>Os titulares de uma carteira de motorista italiana residentes fora da It\u00e1lia h\u00e1 pelo menos 6 meses e regularmente inscritos no A.I.R.E. (Cadastro dos Italianos Residentes na It\u00e1lia) podem obter um <strong><u>certificado de confirma\u00e7\u00e3o e extens\u00e3o da validade<\/u><\/strong> da carteira de motorista italiana vencida, a condi\u00e7\u00e3o que a mesma n\u00e3o tenha sido revogada por convers\u00e3o.<\/p>\n<p>Para a renova\u00e7\u00e3o da carteira, \u00e9 necess\u00e1rio efetuar a consulta entrando em contato com um dos seguintes m\u00e9dicos:<\/p>\n<p><strong>PORTO ALEGRE<\/strong><\/p>\n<p><strong>Dra Astrid Stefani<\/strong>\u00a0(Cl\u00ednica Geral)<\/p>\n<p>Endere\u00e7o: Av. Cavalhada, n\u00ba 2475 \u2013 Bairro Cavalhada<\/p>\n<p>Telefone: (51) 3249-5634 \/ (51) 3249-2777<\/p>\n<p>E-mail:\u00a0<a href=\"mailto:astridstefani@terra.com.br\">astridstefani@terra.com.br<\/a><\/p>\n<p><strong>Cl\u00ednica Bordin <\/strong>(Oftalmologista)<\/p>\n<p>Endere\u00e7o: Rua Miguel Tostes, n\u00ba 201 &#8211; Sala 1005 \u2013 Bairro Rio Branco<\/p>\n<p>Telefone: (51) 3228-0959<\/p>\n<p>E-mail: <a href=\"mailto:atendimento@lp.clinicabordin.com.br\">atendimento@lp.clinicabordin.com.br<\/a><\/p>\n<p><strong>Dr. Guilherme Pauletti <\/strong>(Oftalmologista)<\/p>\n<p>Endere\u00e7o: Rua Gomes Jardim, n\u00ba 201 &#8211; Sala 704 \u2013 Bairro Santana<\/p>\n<p>Telefone: (51) 3573-0813\/ (51) 98080-0704<\/p>\n<p>E-mail: <a href=\"mailto:drguilhermepauletti@gmail.com\">drguilhermepauletti@gmail.com<\/a><\/p>\n<p><strong>Dr. Giovani Tomasetto <\/strong>(Oftalmologista)<\/p>\n<p>Endere\u00e7o: Rua Mostardeiro, n\u00ba 05 &#8211; Cj 505 \u2013 Rio Branco<\/p>\n<p>Telefone: (51) 3062-2916 \/ (51) 98447-501<\/p>\n<p>E-mail: <a href=\"mailto:clinicaoftalmoeotorrino@hotmail.com\">clinicaoftalmoeotorrino@hotmail.com<\/a><\/p>\n<p>&#8212;&#8212;&#8212;&#8212;&#8212;&#8212;&#8212;&#8212;&#8212;&#8212;&#8212;&#8212;&#8212;&#8212;&#8212;&#8212;&#8212;&#8212;&#8212;&#8212;&#8212;&#8212;&#8212;&#8212;&#8212;<\/p>\n<p>Endere\u00e7o: Rua Riachuelo, n\u00ba 1038 &#8211; Cj 401 \u2013 Centro Hist\u00f3rico<\/p>\n<p>Telefone: (51) 3028-8263 \/ (51) 3211-2403<\/p>\n<p><strong>Dra. Liara Ceolin Poletto <\/strong>(Oftalmologista)<\/p>\n<p>Endere\u00e7o: Rua Gomes Jardim, n\u00ba 201 \u2013 Sala 910 \u2013 Bairro Santana<\/p>\n<p>Telefone: (51) 3398-3777 \/ (51) 99535-3777<\/p>\n<p>E-mail: <a href=\"mailto:contato@clinicabrunstein.com.br\">contato@clinicabrunstein.com.br<\/a><\/p>\n<p>&nbsp;<\/p>\n<p><strong>CAXIAS DO SUL:<\/strong><\/p>\n<p><strong>Dr. Fernando Costi<\/strong>\u00a0(Oftalmologista)<\/p>\n<p>Endere\u00e7o: Rua Bento Gon\u00e7alves, n\u00ba 1.200, Salas 201\/202 \u2013 Nossa Sra. de Lourdes<\/p>\n<p>Telefone: (54) 3016-4313<\/p>\n<p>E-mail:\u00a0<a href=\"mailto:clinicadeolhos.fc@gmail.com\">clinicadeolhos.fc@gmail.com<\/a><\/p>\n<p>O certificado de confirma\u00e7\u00e3o e extens\u00e3o da validade \u00e9 permitido apenas para documentos vencidos <strong>h\u00e1 m\u00e1ximo cinco anos e decorre da data de emiss\u00e3o do certificado m\u00e9dico.<\/strong> Depois de ter o <a href=\"https:\/\/consportoalegre.esteri.it\/wp-content\/uploads\/2024\/04\/certificato_medico.pdf\">certificado m\u00e9dico<\/a>, ser\u00e1 suficiente comparecer neste Consulado-Geral, pr\u00e9vio agendamento atrav\u00e9s do e-mail:\u00a0<a href=\"mailto:urp.portoalegre@esteri.it\">urp.portoalegre@esteri.it<\/a>, \u00a0com a seguinte documenta\u00e7\u00e3o:<\/p>\n<p>\u2022\u00a0 a carteira de motorista italiana<\/p>\n<p>\u2022 \u00a0o certificado m\u00e9dico<\/p>\n<p>\u2022 \u00a0documento de identidade v\u00e1lido<\/p>\n<p>\u2022 \u00a0uma foto 3&#215;4 recente.<\/p>\n<p>A atestado de validade, ap\u00f3s o pagamento das taxas (equivalentes a 60 euros a ser pagos em Reais por PIX<a href=\"https:\/\/consportoalegre.esteri.it\/wp-content\/uploads\/2023\/05\/tariffa_consolare_aggiornata__2017.pdf\">\u00a0<strong>conforme a taxa de c\u00e2mbio vigente<\/strong><\/a> no dia do pagamento), \u00e9 geralmente efetuada no mesmo dia.<\/p>\n<p>O atestado de validade deve acompanhar a carteira original vencida, na qual n\u00e3o ser\u00e1 aposta nenhuma anota\u00e7\u00e3o ou carimbo. Esta declara\u00e7\u00e3o permitir\u00e1 ao titular dirigir fora da It\u00e1lia, \u00e0queles que ainda n\u00e3o converteram a carteira de motorista italiana para a brasileira (CNH), e tamb\u00e9m permitir\u00e1 renovar a carteira de motorista italiana junto \u00e0\u00a0<em>Motorizzazione Civile<\/em>\u00a0ao retornar \u00e0 It\u00e1lia.<\/p>\n<p><strong>VALIDADE DO CERTIFICADO<\/strong><\/p>\n<ul>\n<li>10 anos: para os requerentes com menos de 50 anos<\/li>\n<li>5 anos: para os requerente com 50 anos ou mais<\/li>\n<\/ul>\n<p>O Consulado-Geral da It\u00e1lia em Porto Alegre\u00a0<strong>N\u00c3O<\/strong> emite: &#8211; Segunda via da carteira de motorista &#8211; Certificados de validade das carteiras de motorista. Estes documentos devem ser solicitados na It\u00e1lia junto a qualquer escrit\u00f3rio da Motorizzazione Civile. <strong>\u00a0<\/strong><\/p>\n<p><strong>REFER\u00caNCIAS NORMATIVAS<\/strong> <a href=\"http:\/\/www.esteri.it\/MAE\/IT\/Italiani_nel_Mondo\/ServiziConsolari\/Autoveicoli_e_Patenti\/\">Autoveicoli e patenti di guida &#8211; Sito web del Ministero degli Affari Esteri (Farnesina)<\/a> <a href=\"https:\/\/consportoalegre.esteri.it\/wp-content\/uploads\/2023\/05\/12762_f_cons97Circ1071997MinTrasp.pdf\">Circolare Min. Trasporti n. 107\/1997<\/a> <a href=\"http:\/\/milao.itamaraty.gov.br\/it\/patente_di_guida.xml\">Consolato Generale del Brasile\u00a0in Milano<\/a> <a href=\"http:\/\/www.denatran.gov.br\/\">Denatran<\/a> <a href=\"https:\/\/consportoalegre.esteri.it\/wp-content\/uploads\/2023\/05\/12763_f_cons97CodicedellaStrada.pdf\">D.lgs. 285\/1992 Codice della Strada<\/a> <a href=\"http:\/\/www.mit.gov.it\/mit\/site.php?p=cm&amp;o=vd&amp;id=308#2\">Ministero delle Infrastrutture e dei Trasporti<\/a> <a href=\"https:\/\/consportoalegre.esteri.it\/wp-content\/uploads\/2023\/05\/12761_f_cons97RESOLUCAO_CONTRAN_360_10.pdf\">Risoluzione CONTRAN n. 360 del 29.09.2010<\/a><\/p>\n","protected":false},"excerpt":{"rendered":"AVISO: Caducidade do Acordo sobre reconhecimento reciproco em mat\u00e9ria de Convers\u00e3o de Carteiras de Habilita\u00e7\u00e3o Informamos que, ap\u00f3s a expira\u00e7\u00e3o do Acordo de reconhecimento m\u00fatuo sobre a convers\u00e3o de cartas de condu\u00e7\u00e3o, a partir de 13 de janeiro de 2023, e enquanto se aguarda a ratifica\u00e7\u00e3o do novo Acordo por ambas as partes\u00a0 para que [&hellip;]","protected":false},"author":3,"featured_media":0,"parent":188,"menu_order":0,"comment_status":"closed","ping_status":"closed","template":"","meta":{"footnotes":""},"class_list":["post-180","page","type-page","status-publish","hentry"],"_links":{"self":[{"href":"https:\/\/consportoalegre.esteri.it\/pt\/wp-json\/wp\/v2\/pages\/180","targetHints":{"allow":["GET"]}}],"collection":[{"href":"https:\/\/consportoalegre.esteri.it\/pt\/wp-json\/wp\/v2\/pages"}],"about":[{"href":"https:\/\/consportoalegre.esteri.it\/pt\/wp-json\/wp\/v2\/types\/page"}],"author":[{"embeddable":true,"href":"https:\/\/consportoalegre.esteri.it\/pt\/wp-json\/wp\/v2\/users\/3"}],"replies":[{"embeddable":true,"href":"https:\/\/consportoalegre.esteri.it\/pt\/wp-json\/wp\/v2\/comments?post=180"}],"version-history":[{"count":6,"href":"https:\/\/consportoalegre.esteri.it\/pt\/wp-json\/wp\/v2\/pages\/180\/revisions"}],"predecessor-version":[{"id":4280,"href":"https:\/\/consportoalegre.esteri.it\/pt\/wp-json\/wp\/v2\/pages\/180\/revisions\/4280"}],"up":[{"embeddable":true,"href":"https:\/\/consportoalegre.esteri.it\/pt\/wp-json\/wp\/v2\/pages\/188"}],"wp:attachment":[{"href":"https:\/\/consportoalegre.esteri.it\/pt\/wp-json\/wp\/v2\/media?parent=180"}],"curies":[{"name":"wp","href":"https:\/\/api.w.org\/{rel}","templated":true}]}}