{"id":145,"date":"2022-12-07T19:03:20","date_gmt":"2022-12-07T18:03:20","guid":{"rendered":"https:\/\/consportoalegre.esteri.it\/servizi-consolari-e-visti\/servizi-per-il-cittadino-italiano\/"},"modified":"2023-05-16T19:36:23","modified_gmt":"2023-05-16T17:36:23","slug":"servizi-per-il-cittadino-italiano","status":"publish","type":"page","link":"https:\/\/consportoalegre.esteri.it\/pt\/servizi-consolari-e-visti\/servizi-per-il-cittadino-italiano\/","title":{"rendered":"Servi\u00e7os para o cidad\u00e3o italiano"},"content":{"rendered":"<p>Os servi\u00e7os consulares s\u00e3o oferecidos de acordo com os principios de igualdade, imparcialidade, efici\u00eancia e transpar\u00eancia.<\/p>\n<p>Os Consulados garantem a prote\u00e7\u00e3o a todos os compatriotas em caso de viola\u00e7\u00e3o dos direitos fundamentais e de limita\u00e7\u00e3o ou priva\u00e7\u00e3o da liberdade pessoal. Al\u00e9m disso garantem assist\u00eancia para os casos de emerg\u00eancia, para a busca de familiares, para a documenta\u00e7\u00e3o de sucess\u00e3o abertas no exterior e para a repatria\u00e7\u00e3o de corpos.<\/p>\n<p>O conjunto dos servi\u00e7os oferecidos \u00e9 descrito pelo Minist\u00e9rio do Exterior Italiano ao link:\u00a0<a href=\"https:\/\/www.esteri.it\/it\/servizi-consolari-e-visti\/\">Ministero Affari Esteri: Servizi Consolari<\/a>\u00a0(em italiano ou ingl\u00eas).<\/p>\n","protected":false},"excerpt":{"rendered":"Os servi\u00e7os consulares s\u00e3o oferecidos de acordo com os principios de igualdade, imparcialidade, efici\u00eancia e transpar\u00eancia. Os Consulados garantem a prote\u00e7\u00e3o a todos os compatriotas em caso de viola\u00e7\u00e3o dos direitos fundamentais e de limita\u00e7\u00e3o ou priva\u00e7\u00e3o da liberdade pessoal. Al\u00e9m disso garantem assist\u00eancia para os casos de emerg\u00eancia, para a busca de familiares, para [&hellip;]","protected":false},"author":3,"featured_media":0,"parent":31,"menu_order":0,"comment_status":"closed","ping_status":"closed","template":"","meta":{"footnotes":""},"class_list":["post-145","page","type-page","status-publish","hentry"],"_links":{"self":[{"href":"https:\/\/consportoalegre.esteri.it\/pt\/wp-json\/wp\/v2\/pages\/145","targetHints":{"allow":["GET"]}}],"collection":[{"href":"https:\/\/consportoalegre.esteri.it\/pt\/wp-json\/wp\/v2\/pages"}],"about":[{"href":"https:\/\/consportoalegre.esteri.it\/pt\/wp-json\/wp\/v2\/types\/page"}],"author":[{"embeddable":true,"href":"https:\/\/consportoalegre.esteri.it\/pt\/wp-json\/wp\/v2\/users\/3"}],"replies":[{"embeddable":true,"href":"https:\/\/consportoalegre.esteri.it\/pt\/wp-json\/wp\/v2\/comments?post=145"}],"version-history":[{"count":0,"href":"https:\/\/consportoalegre.esteri.it\/pt\/wp-json\/wp\/v2\/pages\/145\/revisions"}],"up":[{"embeddable":true,"href":"https:\/\/consportoalegre.esteri.it\/pt\/wp-json\/wp\/v2\/pages\/31"}],"wp:attachment":[{"href":"https:\/\/consportoalegre.esteri.it\/pt\/wp-json\/wp\/v2\/media?parent=145"}],"curies":[{"name":"wp","href":"https:\/\/api.w.org\/{rel}","templated":true}]}}