{"id":139,"date":"2022-12-07T19:09:59","date_gmt":"2022-12-07T18:09:59","guid":{"rendered":"https:\/\/consportoalegre.esteri.it\/italia-e-brasile\/diplomazia-economica\/fare-affari-in-italia\/"},"modified":"2022-12-07T19:12:03","modified_gmt":"2022-12-07T18:12:03","slug":"fare-affari-in-italia","status":"publish","type":"page","link":"https:\/\/consportoalegre.esteri.it\/pt\/italia-e-brasile\/diplomazia-economica\/fare-affari-in-italia\/","title":{"rendered":"Fazer Neg\u00f3cios na It\u00e1lia"},"content":{"rendered":"<p><strong>A CCIRS<\/strong><\/p>\n<p><a href=\"http:\/\/www.ccirs.com.br\/?q=pt-br\/node\/18\"><strong>C\u00e2mara de Com\u00e9rcio Italiana do Rio Grande do Sul &#8211; Brasil<\/strong><\/a><br \/>\nRua Jos\u00e9 de Alencar, 313 &#8211; Sala 201 &#8211; 90880-481 Porto Alegre\/RS &#8211; Brasil<br \/>\nFone 0055 51 3275 4555 &#8211; e-mail:\u00a0<a href=\"mailto:informa@ccirs.com.br\">informa@ccirs.com.br<\/a><\/p>\n<p>A C\u00e2mara de Com\u00e9rcio Italiana do Rio Grande do Sul iniciou suas atividades em 1959, na cidade de Porto Alegre. Ao longo dos anos, suas succesivas ger\u00eancias t\u00eam sempre confirmado o escopo original de incentivar as rela\u00e7\u00f5es econ\u00f4micas, comerciais, financeiras, tur\u00edsticas, culturais e art\u00edsticas entre Brasil e It\u00e1lia, tendo uma estreita rela\u00e7\u00e3o com as autoridades governamentais, diplom\u00e1ticas, federa\u00e7\u00f5es, associa\u00e7\u00f5es de empreendedores\u00a0e institui\u00e7\u00f5es, seja na It\u00e1lia ou no Brasil.<\/p>\n<p>Miss\u00e3o:<br \/>\nIntegrar e realizar potenciais rela\u00e7\u00f5es econ\u00f4micas entre empresas italianas e brasileiras, principalmente as ga\u00fachas, considerando as efetivas condi\u00e7\u00f5es de mercado, as realidades econ\u00f4micas e produtivas, assim como a excel\u00eancia no fornecimento de servi\u00e7os.<\/p>\n<p>Vis\u00e3o:<br \/>\nSer um ponto de refer\u00eancia na rela\u00e7\u00e3o do processo de internacionaliza\u00e7\u00e3o das Empresas, com ampla qualidade e efici\u00eancia nas a\u00e7\u00f5es e servi\u00e7os.<\/p>\n<p>Veja tamb\u00e9m os Servi\u00e7os dispon\u00edveis no menu ao lado.<\/p>\n","protected":false},"excerpt":{"rendered":"A CCIRS C\u00e2mara de Com\u00e9rcio Italiana do Rio Grande do Sul &#8211; Brasil Rua Jos\u00e9 de Alencar, 313 &#8211; Sala 201 &#8211; 90880-481 Porto Alegre\/RS &#8211; Brasil Fone 0055 51 3275 4555 &#8211; e-mail:\u00a0informa@ccirs.com.br A C\u00e2mara de Com\u00e9rcio Italiana do Rio Grande do Sul iniciou suas atividades em 1959, na cidade de Porto Alegre. Ao [&hellip;]","protected":false},"author":3,"featured_media":0,"parent":87,"menu_order":0,"comment_status":"closed","ping_status":"closed","template":"","meta":{"footnotes":""},"class_list":["post-139","page","type-page","status-publish","hentry"],"_links":{"self":[{"href":"https:\/\/consportoalegre.esteri.it\/pt\/wp-json\/wp\/v2\/pages\/139","targetHints":{"allow":["GET"]}}],"collection":[{"href":"https:\/\/consportoalegre.esteri.it\/pt\/wp-json\/wp\/v2\/pages"}],"about":[{"href":"https:\/\/consportoalegre.esteri.it\/pt\/wp-json\/wp\/v2\/types\/page"}],"author":[{"embeddable":true,"href":"https:\/\/consportoalegre.esteri.it\/pt\/wp-json\/wp\/v2\/users\/3"}],"replies":[{"embeddable":true,"href":"https:\/\/consportoalegre.esteri.it\/pt\/wp-json\/wp\/v2\/comments?post=139"}],"version-history":[{"count":0,"href":"https:\/\/consportoalegre.esteri.it\/pt\/wp-json\/wp\/v2\/pages\/139\/revisions"}],"up":[{"embeddable":true,"href":"https:\/\/consportoalegre.esteri.it\/pt\/wp-json\/wp\/v2\/pages\/87"}],"wp:attachment":[{"href":"https:\/\/consportoalegre.esteri.it\/pt\/wp-json\/wp\/v2\/media?parent=139"}],"curies":[{"name":"wp","href":"https:\/\/api.w.org\/{rel}","templated":true}]}}