{"id":136,"date":"2022-12-07T19:08:53","date_gmt":"2022-12-07T18:08:53","guid":{"rendered":"https:\/\/consportoalegre.esteri.it\/italia-e-brasile\/diplomazia-economica\/fare-affari-in-brasile\/"},"modified":"2025-10-16T21:10:05","modified_gmt":"2025-10-16T19:10:05","slug":"fare-affari-in-brasile","status":"publish","type":"page","link":"https:\/\/consportoalegre.esteri.it\/pt\/italia-e-brasile\/diplomazia-economica\/fare-affari-in-brasile\/","title":{"rendered":"Fazer Neg\u00f3cios no Brasil"},"content":{"rendered":"<p><strong>Guia para fazer neg\u00f3cios no Brasil<\/strong><\/p>\n<p><a href=\"https:\/\/www.infomercatiesteri.it\/approfondimenti.php?id_paesi=38\"><strong>Guida agli affari in Brasile 2025<\/strong><\/a><\/p>\n<p>&nbsp;<\/p>\n<p><strong>A CCIRS<\/strong><\/p>\n<p><a href=\"http:\/\/www.ccirs.com.br\/?q=pt-br\/node\/18\"><strong>C\u00e2mara de Com\u00e9rcio Italiana do Rio Grande do Sul &#8211; Brasil<\/strong><\/a><\/p>\n<p>A C\u00e2mara de Com\u00e9rcio Italiana do Rio Grande do Sul iniciou suas atividades em 1959, na cidade de Porto Alegre. Ao longo dos anos, suas succesivas ger\u00eancias t\u00eam sempre confirmado o escopo original de incentivar as rela\u00e7\u00f5es econ\u00f4micas, comerciais, financeiras, tur\u00edsticas, culturais e art\u00edsticas entre Brasil e It\u00e1lia, tendo uma estreita rela\u00e7\u00e3o com as autoridades governamentais, diplom\u00e1ticas, federa\u00e7\u00f5es, associa\u00e7\u00f5es de empreendedores\u00a0e institui\u00e7\u00f5es, seja na It\u00e1lia ou no Brasil.<\/p>\n<p>Miss\u00e3o:<br \/>\nIntegrar e realizar potenciais rela\u00e7\u00f5es econ\u00f4micas entre empresas italianas e brasileiras, principalmente as ga\u00fachas, considerando as efetivas condi\u00e7\u00f5es de mercado, as realidades econ\u00f4micas e produtivas, assim como a excel\u00eancia no fornecimento de servi\u00e7os.<\/p>\n<p>Vis\u00e3o:<br \/>\nSer um ponto de refer\u00eancia na rela\u00e7\u00e3o do processo de internacionaliza\u00e7\u00e3o das Empresas, com ampla qualidade e efici\u00eancia nas a\u00e7\u00f5es e servi\u00e7os.<\/p>\n<p>Veja tamb\u00e9m os Servi\u00e7os dispon\u00edveis no menu ao lado.<\/p>\n","protected":false},"excerpt":{"rendered":"Guia para fazer neg\u00f3cios no Brasil Guida agli affari in Brasile 2025 &nbsp; A CCIRS C\u00e2mara de Com\u00e9rcio Italiana do Rio Grande do Sul &#8211; Brasil A C\u00e2mara de Com\u00e9rcio Italiana do Rio Grande do Sul iniciou suas atividades em 1959, na cidade de Porto Alegre. Ao longo dos anos, suas succesivas ger\u00eancias t\u00eam sempre [&hellip;]","protected":false},"author":3,"featured_media":0,"parent":87,"menu_order":0,"comment_status":"closed","ping_status":"closed","template":"","meta":{"footnotes":""},"class_list":["post-136","page","type-page","status-publish","hentry"],"_links":{"self":[{"href":"https:\/\/consportoalegre.esteri.it\/pt\/wp-json\/wp\/v2\/pages\/136","targetHints":{"allow":["GET"]}}],"collection":[{"href":"https:\/\/consportoalegre.esteri.it\/pt\/wp-json\/wp\/v2\/pages"}],"about":[{"href":"https:\/\/consportoalegre.esteri.it\/pt\/wp-json\/wp\/v2\/types\/page"}],"author":[{"embeddable":true,"href":"https:\/\/consportoalegre.esteri.it\/pt\/wp-json\/wp\/v2\/users\/3"}],"replies":[{"embeddable":true,"href":"https:\/\/consportoalegre.esteri.it\/pt\/wp-json\/wp\/v2\/comments?post=136"}],"version-history":[{"count":1,"href":"https:\/\/consportoalegre.esteri.it\/pt\/wp-json\/wp\/v2\/pages\/136\/revisions"}],"predecessor-version":[{"id":5178,"href":"https:\/\/consportoalegre.esteri.it\/pt\/wp-json\/wp\/v2\/pages\/136\/revisions\/5178"}],"up":[{"embeddable":true,"href":"https:\/\/consportoalegre.esteri.it\/pt\/wp-json\/wp\/v2\/pages\/87"}],"wp:attachment":[{"href":"https:\/\/consportoalegre.esteri.it\/pt\/wp-json\/wp\/v2\/media?parent=136"}],"curies":[{"name":"wp","href":"https:\/\/api.w.org\/{rel}","templated":true}]}}