{"id":64,"date":"2022-12-07T17:56:45","date_gmt":"2022-12-07T16:56:45","guid":{"rendered":"https:\/\/consportoalegre.esteri.it\/?page_id=64"},"modified":"2026-01-05T16:53:02","modified_gmt":"2026-01-05T15:53:02","slug":"contatti","status":"publish","type":"page","link":"https:\/\/consportoalegre.esteri.it\/it\/chi-siamo\/contatti\/","title":{"rendered":"Contatti"},"content":{"rendered":"<p><strong>Servizio di Call Center:<\/strong><\/p>\n<p>Attivo <strong>dal luned\u00ec al venerd\u00ec dalle 9:00 alle 12:00<\/strong> per chiarire dubbi sui servizi consolari.<\/p>\n<p>Il numero \u00e9 (51) 3010 1515 <span style=\"text-decoration: underline;\">soltanto per chiamate provenienti dallo Stato del Rio Grande do Sul.\u00a0<\/span><\/p>\n<p><strong>Centralino<\/strong><br \/>\nDal luned\u00ec al venerd\u00ec dalle 09:00 alle 12:00.<\/p>\n<p>Tel.: 0055.51.3230.8200\/8201 <span style=\"text-decoration: underline;\">(per chiamate provenienti da fuori dello stato del Rio Grande do Sul<\/span>)<\/p>\n<p><strong>Posta Elettronica Certificata PEC:<\/strong>\u00a0<a href=\"mailto:con.portoalegre@cert.esteri.it\">con.portoalegre@cert.esteri.it<\/a>\u00a0 &#8211;\u00a0<strong>solo per indirizzi abilitati\u00a0esclusivamente\u00a0alla ricezione di Posta Elettronica Certificata (PEC)<\/strong><\/p>\n<p>Ufficio Relazioni con il Pubblico: <a href=\"mailto:urp.portoalegre@esteri.it\">urp.portoalegre@esteri.it<\/a><\/p>\n<p>Consulti anche la pagina <a href=\"https:\/\/consportoalegre.esteri.it\/it\/chi-siamo\/gli-uffici\/\">Gli Uffici<\/a><\/p>\n","protected":false},"excerpt":{"rendered":"Servizio di Call Center: Attivo dal luned\u00ec al venerd\u00ec dalle 9:00 alle 12:00 per chiarire dubbi sui servizi consolari. Il numero \u00e9 (51) 3010 1515 soltanto per chiamate provenienti dallo Stato del Rio Grande do Sul.\u00a0 Centralino Dal luned\u00ec al venerd\u00ec dalle 09:00 alle 12:00. Tel.: 0055.51.3230.8200\/8201 (per chiamate provenienti da fuori dello stato del [&hellip;]","protected":false},"author":3,"featured_media":0,"parent":10,"menu_order":0,"comment_status":"closed","ping_status":"closed","template":"","meta":{"footnotes":""},"class_list":["post-64","page","type-page","status-publish","hentry"],"_links":{"self":[{"href":"https:\/\/consportoalegre.esteri.it\/it\/wp-json\/wp\/v2\/pages\/64","targetHints":{"allow":["GET"]}}],"collection":[{"href":"https:\/\/consportoalegre.esteri.it\/it\/wp-json\/wp\/v2\/pages"}],"about":[{"href":"https:\/\/consportoalegre.esteri.it\/it\/wp-json\/wp\/v2\/types\/page"}],"author":[{"embeddable":true,"href":"https:\/\/consportoalegre.esteri.it\/it\/wp-json\/wp\/v2\/users\/3"}],"replies":[{"embeddable":true,"href":"https:\/\/consportoalegre.esteri.it\/it\/wp-json\/wp\/v2\/comments?post=64"}],"version-history":[{"count":6,"href":"https:\/\/consportoalegre.esteri.it\/it\/wp-json\/wp\/v2\/pages\/64\/revisions"}],"predecessor-version":[{"id":5372,"href":"https:\/\/consportoalegre.esteri.it\/it\/wp-json\/wp\/v2\/pages\/64\/revisions\/5372"}],"up":[{"embeddable":true,"href":"https:\/\/consportoalegre.esteri.it\/it\/wp-json\/wp\/v2\/pages\/10"}],"wp:attachment":[{"href":"https:\/\/consportoalegre.esteri.it\/it\/wp-json\/wp\/v2\/media?parent=64"}],"curies":[{"name":"wp","href":"https:\/\/api.w.org\/{rel}","templated":true}]}}