{"id":571,"date":"2023-06-08T19:25:13","date_gmt":"2023-06-08T17:25:13","guid":{"rendered":"https:\/\/consportoalegre.esteri.it\/?page_id=571"},"modified":"2023-06-08T19:25:13","modified_gmt":"2023-06-08T17:25:13","slug":"notifiche-allestero","status":"publish","type":"page","link":"https:\/\/consportoalegre.esteri.it\/it\/servizi-consolari-e-visti\/servizi-per-il-cittadino-italiano\/altri-servizi\/adozioni\/notifiche-allestero\/","title":{"rendered":"Notifiche all&#8217;Estero"},"content":{"rendered":"<p><strong>COS\u2019\u00c9<\/strong><\/p>\n<p>L&#8217;attivit\u00e0 di notificazione \u00e8 una fase fondamentale dei processi civili, penali, tributari, amministrativi, fallimentari e del lavoro, nonch\u00e9 di alcune fasi pre-processuali o amministrative, che d\u00e0 la conoscenza legale di un provvedimento mediante la consegna di un atto, giudiziario o extragiudiziario, da parte di un particolare soggetto notificatore, secondo precise modalit\u00e0.<br \/>\nAi sensi dell\u2019art. 37 del D.Lgs. 71\/2011 l\u2019Ufficio consolare provvede alla notifica degli atti ad esso rimessi, in conformit\u00e0 alle disposizioni di cooperazione giudiziaria dell\u2019UE, alle convenzioni internazionali in materia e alle leggi dello Stato di residenza.<\/p>\n<p><strong>RIFERIMENTI NORMATIVI<\/strong><\/p>\n<p><a href=\"https:\/\/consportoalegre.esteri.it\/resource\/2013\/03\/17334_f_cons97TrattatoBrasileItalianotifiche.pdf\">Trattato Brasile-Italia 17\/10\/1989<\/a><\/p>\n<p><a title=\"Notifiche all'estero - Sito Web del Ministero degli Affari Esteri (Farnesina)\" href=\"https:\/\/consportoalegre.esteri.it\/wp-content\/uploads\/2023\/06\/17334_f_cons97TrattatoBrasileItalianotifiche.pdf\">Notifiche all&#8217;estero &#8211; Sito Web del Ministero degli Affari Esteri (Farnesina)<\/a><\/p>\n","protected":false},"excerpt":{"rendered":"COS\u2019\u00c9 L&#8217;attivit\u00e0 di notificazione \u00e8 una fase fondamentale dei processi civili, penali, tributari, amministrativi, fallimentari e del lavoro, nonch\u00e9 di alcune fasi pre-processuali o amministrative, che d\u00e0 la conoscenza legale di un provvedimento mediante la consegna di un atto, giudiziario o extragiudiziario, da parte di un particolare soggetto notificatore, secondo precise modalit\u00e0. Ai sensi dell\u2019art. [&hellip;]","protected":false},"author":7,"featured_media":0,"parent":485,"menu_order":0,"comment_status":"closed","ping_status":"closed","template":"","meta":{"footnotes":""},"class_list":["post-571","page","type-page","status-publish","hentry"],"_links":{"self":[{"href":"https:\/\/consportoalegre.esteri.it\/it\/wp-json\/wp\/v2\/pages\/571","targetHints":{"allow":["GET"]}}],"collection":[{"href":"https:\/\/consportoalegre.esteri.it\/it\/wp-json\/wp\/v2\/pages"}],"about":[{"href":"https:\/\/consportoalegre.esteri.it\/it\/wp-json\/wp\/v2\/types\/page"}],"author":[{"embeddable":true,"href":"https:\/\/consportoalegre.esteri.it\/it\/wp-json\/wp\/v2\/users\/7"}],"replies":[{"embeddable":true,"href":"https:\/\/consportoalegre.esteri.it\/it\/wp-json\/wp\/v2\/comments?post=571"}],"version-history":[{"count":0,"href":"https:\/\/consportoalegre.esteri.it\/it\/wp-json\/wp\/v2\/pages\/571\/revisions"}],"up":[{"embeddable":true,"href":"https:\/\/consportoalegre.esteri.it\/it\/wp-json\/wp\/v2\/pages\/485"}],"wp:attachment":[{"href":"https:\/\/consportoalegre.esteri.it\/it\/wp-json\/wp\/v2\/media?parent=571"}],"curies":[{"name":"wp","href":"https:\/\/api.w.org\/{rel}","templated":true}]}}