{"id":500,"date":"2023-06-08T16:16:59","date_gmt":"2023-06-08T14:16:59","guid":{"rendered":"https:\/\/consportoalegre.esteri.it\/?page_id=500"},"modified":"2023-06-08T16:16:59","modified_gmt":"2023-06-08T14:16:59","slug":"minori","status":"publish","type":"page","link":"https:\/\/consportoalegre.esteri.it\/it\/servizi-consolari-e-visti\/servizi-per-il-cittadino-italiano\/altri-servizi\/minori\/","title":{"rendered":"Minori"},"content":{"rendered":"<p><strong>COS&#8217;\u00c8<\/strong><\/p>\n<p>Per tutela del minore si intende quel potere assimilabile alla potest\u00e0 genitoriale, a cui \u00e8 sottoposto il minore di et\u00e0 privo di entrambi i genitori.<br \/>\nPer il minore residente all\u2019estero essa trova fondamento negli art. 33 \u2013 35 del D.Lgs. 71\/2011 ed \u00e8 regolata dagli artt. 343 \u2013 399 del Codice Civile, che il Capo della Rappresentanza consolare \u2013 in veste di giudice tutelare \u2013 \u00e8 tenuto ad applicare.<br \/>\nL\u2019esercizio delle funzioni di giudice tutelare pu\u00f2 essere di difficile assolvimento qualora il minore italiano sia in possesso di doppia cittadinanza (quella del genitore italiano e quella del Paese in cui risiede).<br \/>\nIn caso di doppia cittadinanza, ogni tipo di azione che l\u2019Autorit\u00e0 consolare \u00e8 chiamata a svolgere potrebbe essere ostacolata in quanto l\u2019ordinamento in vigore nel Paese straniero potrebbe :<br \/>\nconsiderare subordinata la cittadinanza italiana;<br \/>\nprevedere l\u2019esercizio in via esclusiva della tutela del minore.<\/p>\n<p><strong>SOTTRAZIONE INTERNAZIONALE DI MINORI<\/strong><\/p>\n<p><a title=\"Sottrazione internazionale di minori - Sito Web del Ministero degli Affari Esteri (Farnesina)\" href=\"https:\/\/www.esteri.it\/it\/servizi-consolari-e-visti\/italiani-all-estero\/minori-estero\/sottrazioneinternazionalediminori\/\">Sottrazione internazionale di minori &#8211; Sito Web del Ministero degli Affari Esteri (Farnesina)<\/a><\/p>\n<p><a href=\"https:\/\/consportoalegre.esteri.it\/wp-content\/uploads\/2023\/06\/14025_f_cons9720110210_Guida_Bambini_contesi.pdf\">Bambini contesi &#8211; Guida per i genitori<\/a><\/p>\n<p><strong>RIFERIMENTI NORMATIVI<\/strong><\/p>\n<p><a title=\"Minori - Sito Web del Ministero degli Affari Esteri (Farnesina)\" href=\"https:\/\/www.esteri.it\/it\/servizi-consolari-e-visti\/italiani-all-estero\/minori-estero\/\">Minori &#8211; Sito Web del Ministero degli Affari Esteri (Farnesina)<\/a><\/p>\n<p><a href=\"https:\/\/consportoalegre.esteri.it\/wp-content\/uploads\/2023\/06\/12782_f_cons97Dlgs712011Nuovodecretofunzioniconsolari.doc\">D.Lgs. 71\/2011<\/a><\/p>\n","protected":false},"excerpt":{"rendered":"COS&#8217;\u00c8 Per tutela del minore si intende quel potere assimilabile alla potest\u00e0 genitoriale, a cui \u00e8 sottoposto il minore di et\u00e0 privo di entrambi i genitori. Per il minore residente all\u2019estero essa trova fondamento negli art. 33 \u2013 35 del D.Lgs. 71\/2011 ed \u00e8 regolata dagli artt. 343 \u2013 399 del Codice Civile, che il [&hellip;]","protected":false},"author":7,"featured_media":0,"parent":171,"menu_order":0,"comment_status":"closed","ping_status":"closed","template":"","meta":{"footnotes":""},"class_list":["post-500","page","type-page","status-publish","hentry"],"_links":{"self":[{"href":"https:\/\/consportoalegre.esteri.it\/it\/wp-json\/wp\/v2\/pages\/500","targetHints":{"allow":["GET"]}}],"collection":[{"href":"https:\/\/consportoalegre.esteri.it\/it\/wp-json\/wp\/v2\/pages"}],"about":[{"href":"https:\/\/consportoalegre.esteri.it\/it\/wp-json\/wp\/v2\/types\/page"}],"author":[{"embeddable":true,"href":"https:\/\/consportoalegre.esteri.it\/it\/wp-json\/wp\/v2\/users\/7"}],"replies":[{"embeddable":true,"href":"https:\/\/consportoalegre.esteri.it\/it\/wp-json\/wp\/v2\/comments?post=500"}],"version-history":[{"count":0,"href":"https:\/\/consportoalegre.esteri.it\/it\/wp-json\/wp\/v2\/pages\/500\/revisions"}],"up":[{"embeddable":true,"href":"https:\/\/consportoalegre.esteri.it\/it\/wp-json\/wp\/v2\/pages\/171"}],"wp:attachment":[{"href":"https:\/\/consportoalegre.esteri.it\/it\/wp-json\/wp\/v2\/media?parent=500"}],"curies":[{"name":"wp","href":"https:\/\/api.w.org\/{rel}","templated":true}]}}