{"id":4910,"date":"2025-07-03T22:06:53","date_gmt":"2025-07-03T20:06:53","guid":{"rendered":"https:\/\/consportoalegre.esteri.it\/?page_id=4910"},"modified":"2025-07-03T22:08:40","modified_gmt":"2025-07-03T20:08:40","slug":"matrimonio","status":"publish","type":"page","link":"https:\/\/consportoalegre.esteri.it\/it\/servizi-consolari-e-visti\/servizi-per-il-cittadino-italiano\/stato-civile\/matrimonio\/","title":{"rendered":"Matrimonio"},"content":{"rendered":"<p><span style=\"text-decoration: underline;\"><strong>MATRIMONIO<\/strong><\/span><\/p>\n<p><strong>ATTI DI MATRIMONIO\u00a0O<\/strong><strong> DI UNIONE CIVILE (MATRIMONIO TRA PERSONE DELLO STESSO SESSO)<\/strong><\/p>\n<p>Per registrare il matrimonio\u00a0o l\u2019unione civile contratti in Brasile da un connazionale iscritto presso questo Consolato Generale, occorre inviare:<\/p>\n<p>\u2013 <a href=\"https:\/\/consportoalegre.esteri.it\/wp-content\/uploads\/2023\/05\/envio_de_certidao.pdf\">modulo di richiesta\u00a0<\/a>compilato e firmato;<\/p>\n<p>\u2013 un duplicato dell\u2019atto di matrimonio o dell\u2019unione civile\u00a0di emissione recente, in formato \u201cinteiro teor\u201d, apostillato e corredato di traduzione giurata\u00a0in lingua italiana apostillata.<\/p>\n<p><strong>ATTO DI MATRIMONIO CONTRATTO IN UN ALTRO PAESE<\/strong><\/p>\n<p>Se il cittadino italiano residente in questa circoscrizione consolare ha contratto matrimonio in un altro paese, dovr\u00e0 far apostillare il certificato di matrimonio dalle autorit\u00e0 competenti nel paese di emissione dell\u2019atto e dovr\u00e0 far legalizzare la traduzione da parte della competente autorit\u00e0 consolare italiana. Potr\u00e1 poi inviare per posta il documento e la traduzione a questo Consolato, che provveder\u00e0 ad inviarlo al comune di competenza in Italia.<\/p>\n<p><strong>CITTADINI ITALIANI CHE CONTRAGGONO MATRIMONIO IN ITALIA<\/strong><\/p>\n<p><strong>PUBBLICAZIONI DI MATRIMONIO<\/strong><\/p>\n<p>Le pubblicazioni di matrimonio in Consolato sono obbligatorie SOLO per i matrimoni da celebrarsi in ITALIA (sia civili che religiosi). Requisito imprescindibile \u00e8 che almeno uno dei due sposi sia cittadino italiano residente nella Circoscrizione del Consolato Generale d\u2019Italia in\u00a0Porto Alegre\u00a0e regolarmente iscritto all\u2019AIRE (Anagrafe degli Italiani Residenti all\u2019Estero) presso questo Consolato Generale.<\/p>\n<p>Si fa presente che l\u2019appuntamento per le pubblicazioni verr\u00e0 dato direttamente dall\u2019Ufficio Stato Civile per email esclusivamente a iscrizione AIRE avvenuta e CONFERMATA.<\/p>\n<p>Ci\u00f2 vale anche per i cambi di residenza da altra sede estera.<\/p>\n<p>Occorre prenotare un appuntamento inviando una e-mail a\u00a0<a href=\"mailto:statocivile.portoalegre@esteri.it\"><strong>statocivile.portoalegre@esteri.it<\/strong><\/a>.<\/p>\n<p><strong>NON si pu\u00f2 prenotare l\u2019appuntamento sull\u2019applicativo \u201cprenota on-line\u201d.<\/strong><\/p>\n<p>All\u2019appuntamento dovranno presentarsi entrambi gli sposi.<\/p>\n<p>Le pubblicazioni devono essere effettuate nei sei mesi che precedono la data del matrimonio.<\/p>\n<p><strong>DOCUMENTI NECESSARI<\/strong><\/p>\n<p>PER I CITTADINI ITALIANI:<\/p>\n<ul>\n<li>per il\u00a0<strong>matrimonio civile<\/strong>: passaporto o carta di identit\u00e0 in corso di validit\u00e0;<\/li>\n<li>per il\u00a0<strong>matrimonio religioso<\/strong>: oltre al passaporto o carta di identit\u00e0 in corso di validit\u00e0, dovr\u00e0 essere presentata anche una lettera su carta intestata della Chiesa con timbro e firma del Sacerdote che celebrer\u00e0 le nozze, in cui dovranno essere specificate le generalit\u00e0 complete degli sposi, nonch\u00e9 la Chiesa e la data del matrimonio stesso.<\/li>\n<li><a href=\"https:\/\/consportoalegre.esteri.it\/wp-content\/uploads\/2023\/05\/autocertificazione_pubblicazioni_matrimonio.doc\">Autocertificazione di stato civile\u00a0<\/a>da compilare e sottoscrivere dinanzi all\u2019impiegato del Settore Stato Civile.<\/li>\n<\/ul>\n<p>PER I FIDANZATI STRANIERI:<\/p>\n<p><strong>Cittadini brasiliani:<\/strong><\/p>\n<ul>\n<li>Passaporto o carta d\u2019identit\u00e0 in corso di validit\u00e0;<\/li>\n<li>Certificato di nascita integrale (\u201cInteiro Teor\u201d) \u2013 NON tradotto in italiano;<\/li>\n<li>Atto notarile di assenza di impedimenti (<a href=\"https:\/\/consportoalegre.esteri.it\/wp-content\/uploads\/2023\/05\/escritura_ausencia_impedimentos.pdf\"><strong>Modulo \u201cEscritura de Ausencia de Impedimentos\u201d<\/strong><\/a>) \u2013 NON tradotto in italiano.<\/li>\n<\/ul>\n<p><strong>Cittadini appartenenti alla Comunit\u00e0 Europea:<\/strong><\/p>\n<ul>\n<li>Passaporto o carta d\u2019identit\u00e0 in corso di validit\u00e0;<\/li>\n<li>Certificato di nascita in originale su modello plurilingue\u00a0<strong>oppure<\/strong>\u00a0tradotto in portoghese da un traduttore giurato, con Apostille\u00a0e verificato dal Consolato del proprio Paese in Brasile\u00a0<strong>oppure<\/strong>\u00a0tradotto in italiano e verificato dal Consolato italiano nel proprio Paese;<\/li>\n<li>Certificato di stato libero in lingua portoghese e verificato dal Consolato del proprio Paese in Brasile\u00a0<strong>oppure<\/strong>\u00a0tradotto in italiano e verificato dal Consolato italiano nel proprio Paese.<\/li>\n<\/ul>\n<p><strong>Cittadini non comunitari:<\/strong><\/p>\n<ul>\n<li>Passaporto o carta d\u2019identit\u00e0 in corso di validit\u00e0;<\/li>\n<li>Certificato di nascita in originale tradotto in lingua portoghese da un traduttore giurato, con Apostille\u00a0e verificato dal Consolato del proprio Paese in Brasile oppure tradotto in italiano e verificato dal Consolato italiano nel proprio Paese;<\/li>\n<li>Certificato di stato libero tradotto in portoghese da un traduttore giurato, con Apostille\u00a0e verificato dal Consolato del proprio Paese in Brasile oppure tradotto in italiano e verificato dal Consolato italiano nel proprio Paese.<strong>Si ricorda che i cittadini che intendono sposarsi in Brasile devono rivolgersi direttamente agli uffici brasiliani\u00a0di Stato Civile \u00a0competenti (\u201cCart\u00f3rio de Registro Civil\u201d).<\/strong><\/li>\n<\/ul>\n","protected":false},"excerpt":{"rendered":"MATRIMONIO ATTI DI MATRIMONIO\u00a0O DI UNIONE CIVILE (MATRIMONIO TRA PERSONE DELLO STESSO SESSO) Per registrare il matrimonio\u00a0o l\u2019unione civile contratti in Brasile da un connazionale iscritto presso questo Consolato Generale, occorre inviare: \u2013 modulo di richiesta\u00a0compilato e firmato; \u2013 un duplicato dell\u2019atto di matrimonio o dell\u2019unione civile\u00a0di emissione recente, in formato \u201cinteiro teor\u201d, apostillato e [&hellip;]","protected":false},"author":6,"featured_media":0,"parent":159,"menu_order":2,"comment_status":"closed","ping_status":"closed","template":"","meta":{"footnotes":""},"class_list":["post-4910","page","type-page","status-publish","hentry"],"_links":{"self":[{"href":"https:\/\/consportoalegre.esteri.it\/it\/wp-json\/wp\/v2\/pages\/4910","targetHints":{"allow":["GET"]}}],"collection":[{"href":"https:\/\/consportoalegre.esteri.it\/it\/wp-json\/wp\/v2\/pages"}],"about":[{"href":"https:\/\/consportoalegre.esteri.it\/it\/wp-json\/wp\/v2\/types\/page"}],"author":[{"embeddable":true,"href":"https:\/\/consportoalegre.esteri.it\/it\/wp-json\/wp\/v2\/users\/6"}],"replies":[{"embeddable":true,"href":"https:\/\/consportoalegre.esteri.it\/it\/wp-json\/wp\/v2\/comments?post=4910"}],"version-history":[{"count":1,"href":"https:\/\/consportoalegre.esteri.it\/it\/wp-json\/wp\/v2\/pages\/4910\/revisions"}],"predecessor-version":[{"id":4911,"href":"https:\/\/consportoalegre.esteri.it\/it\/wp-json\/wp\/v2\/pages\/4910\/revisions\/4911"}],"up":[{"embeddable":true,"href":"https:\/\/consportoalegre.esteri.it\/it\/wp-json\/wp\/v2\/pages\/159"}],"wp:attachment":[{"href":"https:\/\/consportoalegre.esteri.it\/it\/wp-json\/wp\/v2\/media?parent=4910"}],"curies":[{"name":"wp","href":"https:\/\/api.w.org\/{rel}","templated":true}]}}