{"id":4456,"date":"2025-03-25T14:45:04","date_gmt":"2025-03-25T13:45:04","guid":{"rendered":"https:\/\/consportoalegre.esteri.it\/?page_id=4456"},"modified":"2025-03-25T14:47:57","modified_gmt":"2025-03-25T13:47:57","slug":"rio-grande-do-sul-governatore-eduardo-leite-riceve-il-console-valerio-caruso-e-conferma-la-sua-presenza-alle-celebrazioni-dei-150-anni-dellimmigrazione-italiana","status":"publish","type":"page","link":"https:\/\/consportoalegre.esteri.it\/it\/chi-siamo\/la-rete-consolare\/rio-grande-do-sul-governatore-eduardo-leite-riceve-il-console-valerio-caruso-e-conferma-la-sua-presenza-alle-celebrazioni-dei-150-anni-dellimmigrazione-italiana\/","title":{"rendered":"Rio Grande do Sul: Governatore Eduardo Leite riceve il Console Valerio Caruso e conferma la sua presenza alle celebrazioni dei 150 anni dell&#8217;immigrazione italiana"},"content":{"rendered":"<p>Il Governatore Eduardo Leite ha ricevuto al Palazzo Piratini il Console Generale d&#8217;Italia, Valerio Caruso. L&#8217;incontro ha avuto come tema principale le celebrazioni per i 150 anni dell&#8217;immigrazione italiana nel Rio Grande do Sul e ha visto la partecipazione di diverse autorit\u00e0 locali.<\/p>\n<p>Durante la riunione, Caruso ha illustrato il calendario delle festivit\u00e0 programmate dal Consolato nei prossimi mesi, sottolineando l&#8217;importanza della presenza del Governatore a eventi di rilievo, come la Fiera Wine South America, in programma il 6 maggio, alla quale parteciperanno l\u2019Ambasciatore d\u2019Italia Alessandro Cortese e rappresentanti della Regione Veneto, e la Festa della Repubblica, il 2 giugno. &#8220;La presenza del Governatore sar\u00e0 motivo di grande orgoglio per la comunit\u00e0 italiana, la cui cultura ultracentenaria \u00e8 una pietra miliare dell&#8217;identit\u00e0 ga\u00facha&#8221; ha affermato Caruso.<\/p>\n<p>Un altro tema discusso \u00e8 stata la proposta di un volo diretto tra Porto Alegre e Roma, sostenuta dalla Camera di Commercio Italiana del Rio Grande do Sul. Il vicepresidente della Camera, Neco Argenta, presente all&#8217;incontro, ha manifestato il suo pieno supporto all&#8217;iniziativa. Leite si \u00e8 detto entusiasta, evidenziando come una rotta aerea diretta potrebbe stimolare diversi settori dell&#8217;economia locale. &#8220;Siamo pronti a lavorare su questo progetto. Contate su di me&#8221; ha dichiarato.<\/p>\n<p>All&#8217;incontro hanno preso parte anche rappresentanti dell\u2019Esecutivo e del Legislativo statale. Il Comitato degli Italiani all&#8217;Estero (Comites-RS) \u00e8 stato rappresentato dalla presidente Cristina Mioranza, mentre il Consiglio Generale degli Italiani all\u2019Estero (CGIE) dalla consigliera Stephania Puton.<\/p>\n","protected":false},"excerpt":{"rendered":"Il Governatore Eduardo Leite ha ricevuto al Palazzo Piratini il Console Generale d&#8217;Italia, Valerio Caruso. L&#8217;incontro ha avuto come tema principale le celebrazioni per i 150 anni dell&#8217;immigrazione italiana nel Rio Grande do Sul e ha visto la partecipazione di diverse autorit\u00e0 locali. Durante la riunione, Caruso ha illustrato il calendario delle festivit\u00e0 programmate dal [&hellip;]","protected":false},"author":6,"featured_media":4446,"parent":62,"menu_order":0,"comment_status":"closed","ping_status":"closed","template":"","meta":{"footnotes":""},"class_list":["post-4456","page","type-page","status-publish","has-post-thumbnail","hentry"],"_links":{"self":[{"href":"https:\/\/consportoalegre.esteri.it\/it\/wp-json\/wp\/v2\/pages\/4456","targetHints":{"allow":["GET"]}}],"collection":[{"href":"https:\/\/consportoalegre.esteri.it\/it\/wp-json\/wp\/v2\/pages"}],"about":[{"href":"https:\/\/consportoalegre.esteri.it\/it\/wp-json\/wp\/v2\/types\/page"}],"author":[{"embeddable":true,"href":"https:\/\/consportoalegre.esteri.it\/it\/wp-json\/wp\/v2\/users\/6"}],"replies":[{"embeddable":true,"href":"https:\/\/consportoalegre.esteri.it\/it\/wp-json\/wp\/v2\/comments?post=4456"}],"version-history":[{"count":1,"href":"https:\/\/consportoalegre.esteri.it\/it\/wp-json\/wp\/v2\/pages\/4456\/revisions"}],"predecessor-version":[{"id":4458,"href":"https:\/\/consportoalegre.esteri.it\/it\/wp-json\/wp\/v2\/pages\/4456\/revisions\/4458"}],"up":[{"embeddable":true,"href":"https:\/\/consportoalegre.esteri.it\/it\/wp-json\/wp\/v2\/pages\/62"}],"wp:featuredmedia":[{"embeddable":true,"href":"https:\/\/consportoalegre.esteri.it\/it\/wp-json\/wp\/v2\/media\/4446"}],"wp:attachment":[{"href":"https:\/\/consportoalegre.esteri.it\/it\/wp-json\/wp\/v2\/media?parent=4456"}],"curies":[{"name":"wp","href":"https:\/\/api.w.org\/{rel}","templated":true}]}}