{"id":422,"date":"2023-05-24T15:58:27","date_gmt":"2023-05-24T13:58:27","guid":{"rendered":"https:\/\/consportoalegre.esteri.it\/?page_id=422"},"modified":"2025-03-18T02:45:06","modified_gmt":"2025-03-18T01:45:06","slug":"studio","status":"publish","type":"page","link":"https:\/\/consportoalegre.esteri.it\/it\/servizi-consolari-e-visti\/servizi-per-il-cittadino-straniero\/studio\/","title":{"rendered":"Studio"},"content":{"rendered":"<p><strong>SETTORE COMPETENTE<\/strong><\/p>\n<p>Settore Studio<br \/>\n<a href=\"mailto:amministrazione.portoalegre@esteri.it\">amministrazione.portoalegre@esteri.it<\/a><\/p>\n<p>Il Consolato Generale d\u2019Italia in Porto Alegre riceve certificati e diplomi ottenuti\u00a0<strong>all\u2019interno dello Stato del Rio Grande do Sul.<\/strong><\/p>\n<p>La\u00a0<strong>Dichiarazione di valore in loco<\/strong>\u00a0\u00e8 un documento ufficiale, redatto in italiano, attestante l\u2019autenticit\u00e0 e legittimit\u00e0 della documentazione presentata, rilasciato dalle Rappresentanze diplomatiche italiane a coloro che, avendo conseguito un titolo di studio presso Istituti di istruzione stranieri, intendono proseguire gli studi in Italia, avviare le procedure di riconoscimento dei titoli di studio, o di riconoscimento professionale.<\/p>\n<p>I fini per i quali pu\u00f2 essere richiesta la Dichiarazione di valore sono:<\/p>\n<p>a) proseguimento degli studi scolastici e universitari;<\/p>\n<p>b) iscrizione presso le Universit\u00e0;<\/p>\n<p>c) omologazione di un titolo universitario per il proseguimento degli studi post lauream (master, dottorato, etc.);<\/p>\n<p>d) riconoscimento professionale.<\/p>\n<p>La Dichiarazione di Valore ha l\u2019unico scopo di descrivere il valore acquisito dal Titolo di studio nel Paese di origine e, ai fini del riconoscimento dei titoli o affinch\u00e9 si intenda spendere i titoli nei rapporti con le pubbliche Amministrazioni o per l\u2019esercizio di professioni regolamentate, essa deve essere presentata alle competenti Autorit\u00e0 italiane, vale a dire:<\/p>\n<p>\u2013 le istituzioni scolastiche (nel caso in cui gli studi scolastici obbligatori debbano essere ancora ultimati);<\/p>\n<p>\u2013 gli Ambiti Territoriali (ex Uffici scolastici provinciali) per i diplomi di livello pre-universitario;<\/p>\n<p>\u2013 gli Atenei, per ottenere il riconoscimento delle Lauree estere;<\/p>\n<p>\u2013 il Ministero dell\u2019istruzione, Universit\u00e0 e Ricerca per il riconoscimento accademico dei dottorati (Ph.D.) esteri;<\/p>\n<p>\u2013 i vari Ministeri per quanto concerne i riconoscimenti professionali (ai fini dell\u2019esercizio di professioni regolamentate).<\/p>\n<p><strong>IMPORTANTE<\/strong><\/p>\n<p>Consigliamo di entrare in contatto con l\u2019istituzione scolastica italiana di interesse e di verificare tutte le informazioni necessarie per l\u2019iscrizione dell\u2019interessato\/a al corso desiderato, prima di formulare la richiesta di Dichiarazione di Valore.<\/p>\n<p>Per ottenere il rilascio della Dichiarazione di Valore, tutti i documenti richiesti devono essere in un primo momento inviati scansionati in formato PDF (non verranno aperti file di immagini o foto) alla mail:\u00a0<a href=\"mailto:amministrazione.portoalegre@esteri.it\">amministrazione.portoalegre@esteri.it<\/a>. Il settore effettuer\u00e1 un\u2019analisi e se la documentazione \u00e9 corretta, emetter\u00e1 la dichiarazione di valore e fisser\u00e1 una data affinch\u00e9 l\u2019interessato o un suo delegato (sar\u00e1 accettata una delega semplice, accompagnata da un documento di identit\u00e1 del richiedente e da un documento di identit\u00e1 del delegato), presenti a questo Consolato Generale tutta la documentazione originale per la verifica e ritiri il giorno stesso la Dichiarazione di Valore.<\/p>\n<p>Qualora la documentazione presentata fosse incompleta o non conforme alle istruzioni, la mail verr\u00e1 risposta con le informazioni necessarie alla sua reolarizzazione.<\/p>\n<p>Il Consolato si riserva il diritto di sollecitare documenti aggiuntivi ogni qualvolta lo ritenga necessario.<\/p>\n<p>La documentazione andr\u00e0 consegnata in tempo utile per consentire all\u2019Ufficio di processare la richiesta. Si ricorda che la legge prevede un termine di 30 giorni per il rilascio della dichiarazione di valore, a decorrere dalla data di invio della documentazione completa.<\/p>\n<p><strong>Il rilascio della dichiarazione di valore sar\u00e0\u00a0gratuito\u00a0se comprovato l\u2019effettivo\u00a0proseguimento degli studi.<\/strong>\u00a0A tal fine sar\u00e0 necessario presentare una lettera che comprovi un vincolo tra lo studente e l\u2019Universit\u00e0 o l\u2019istituto di formazione italiana presso il quale si intende studiare.<\/p>\n<p>Nel caso in cui non sia possibile comprovare il proseguimento degli studi o nel caso di riconoscimento della propria professione, il servizio sar\u00e0 a pagamento. Il pagamento potr\u00e1 essere effettuato tramite PIX, ma il valore e il codice PIX verranno informati soltanto dopo l\u2019esame della documentazione.<\/p>\n<p><strong>RICORDIAMO CHE PER I DOCUMENTI CHE DEVONO ESSERE MUNITI DI \u201cAPOSTILLE\u201d,\u00a0 SI PREGA DI PRESENTARE L\u2019ORIGINALE IN LINGUA PORTOGHESE E LA TRADUZIONE GIURATA (entrambi con &#8216;apostille&#8217;).\u00a0La lista dei traduttori giurati accreditati presso la\u00a0<em>Junta Comercial do Rio Grande do Sul\u00a0<\/em>pu\u00f3 essere consultata alla pagina:\u00a0<\/strong><\/p>\n<p><a href=\"http:\/\/sistemas.jucisrs.rs.gov.br\/tradutores\/\">http:\/\/sistemas.jucisrs.rs.gov.br\/tradutores\/<\/a><\/p>\n<p><strong>DOCUMENTI DA PRESENTARE<\/strong><\/p>\n<p><strong>1)\u00a0<\/strong><strong>I documenti necessari da inviare al Consolato Generale per richiedere la \u201cDichiarazione di Valore in Loco\u201d relativa al Diploma di\u00a0<em>Ensino Fundamental\u00a0<\/em>(licenza elementare e media inferiore) sono:<\/strong><\/p>\n<p><strong>a)<\/strong>\u00a0<a href=\"https:\/\/consportoalegre.esteri.it\/wp-content\/uploads\/2023\/05\/modulo_richiesta_dichiarazione_di_valore_in_loco-1.doc\">Modulo di richiesta<\/a>\u00a0compilato e firmato dall\u2019interessato;<\/p>\n<p><strong>b)<\/strong>\u00a0Fotocopia di un documento d\u2019identit\u00e1 del richiedente (RG o passaporto) \u2013 se il richiedente ha pi\u00fa di una cittadinanza, deve inviare un documento di riconoscimento per ogni cittadinanza informata;<\/p>\n<p><strong>c)<\/strong>\u00a0Certificato di conclusione dell\u2019<em>Ensino Fundamental\u00a0<\/em>comprensivo del curriculum scolastico in originale, munito del sigillo o del timbro a secco della scuola e firmato in modo leggibile dal funzionario addetto. Il certificato deve\u00a0contenere il timbro di autenticazione della SEC (Secretaria Estadual de Educa\u00e7\u00e3o) ed essere apostillato.<\/p>\n<p><strong>2)\u00a0<\/strong><strong>I documenti necessari da inviare al Consolato Generale per richiedere la \u201cDichiarazione di Valore in Loco\u201d relativa al Diploma di\u00a0<em>Ensino M\u00e9dio<\/em>\u00a0(scuola media superiore) sono<\/strong>:<\/p>\n<p><strong>a)<\/strong>\u00a0<a href=\"https:\/\/consportoalegre.esteri.it\/wp-content\/uploads\/2023\/05\/modulo_richiesta_dichiarazione_di_valore_in_loco-1.doc\">Modulo di richiesta<\/a>\u00a0compilato e firmato dall\u2019interessato;<\/p>\n<p><strong>b)<\/strong>\u00a0Fotocopia di un documento d\u2019identit\u00e1 del richiedente (RG o passaporto)\u00a0\u2013 se il richiedente ha pi\u00fa di una cittadinanza, deve inviare un documento di riconoscimento per ogni cittadinanza informata;<\/p>\n<p><strong>c)<\/strong>\u00a0Certificato di conclusione comprensivo del curriculum scolastico in originale, munito del sigillo o del timbro a secco della scuola e firmato in modo leggibile dal funzionario addetto. Il certificato deve\u00a0contenere il timbro di autenticazione della SEC (Secretaria Estadual de Educa\u00e7\u00e3o) ed essere apostillato. In alternativa, per attestare l\u2019autenticit\u00e1 degli studi, pu\u00f3 essere presentata la\u00a0<em>Lauda de concluinte do Ensino M\u00e9dio<\/em>\u00a0che lo studente pu\u00f3 ottenere nel\u00a0<em>Di\u00e1rio Oficial do Estado<\/em>.\u00a0Il certificato di conclusione deve\u00a0inoltre essere accompagnato da traduzione in lingua italiana apostillata;<\/p>\n<p><strong>d)\u00a0<\/strong>Certificato di conclusione comprensivo del curriculum scolastico dell\u2019 Ensino Fundamental (per comprovare 11 o 12 anni di scolarizzazione), in originale,\u00a0munito del sigillo o del timbro a secco della scuola e firmato in modo leggibile dal funzionario addetto. La firma deve essere riconosciuta in un\u00a0<em>Tabelionato<\/em>. Il certificato deve altres\u00ed contenere il timbro di autenticazione della SEC (Secretaria Estadual de Educa\u00e7\u00e3o), ma non deve essere n\u00e9 tradotto, n\u00e9 apostillato;<\/p>\n<p>Se si \u00e9 frequentato almeno un anno di studi universitari in Brasile, devono essere presentati anche i seguenti documenti:<\/p>\n<p><strong>e)\u00a0<\/strong>Una dichiarazione dell\u2019Universit\u00e1, con\u00a0traduzione in italiano, che certifichi che l\u2019interessato ha frequentato ed \u00e9 stato approvato in tutte le materie previste nel primo anno di corso. La dichiarazione e la relativa traduzione devono essere apostillate;<\/p>\n<p><strong>f)<\/strong>\u00a0Curriculum del corso in originale e relativa\u00a0traduzione in italiano, entrambi apostillati<em>.<\/em><\/p>\n<p><strong>3) I documenti necessari da inviare al Consolato Generale per richiedere la \u201cDichiarazione di Valore in Loco\u201d relativa al Diploma di Laurea o Post-Laurea sono:\u00a0<\/strong><\/p>\n<p><strong>a)<\/strong>\u00a0<a href=\"https:\/\/consportoalegre.esteri.it\/wp-content\/uploads\/2023\/05\/modulo_richiesta_dichiarazione_di_valore_in_loco-1.doc\">Modulo di richiesta<\/a>\u00a0compilato e firmato dall\u2019interessato;<\/p>\n<p><strong>b)\u00a0<\/strong>Fotocopia di un documento d\u2019identit\u00e1 del richiedente (RG o passaporto)- se il richiedente ha pi\u00fa di una cittadinanza, deve inviare un documento di riconoscimento per ogni cittadinanza informata;<\/p>\n<p><strong>c)<\/strong> Diploma in originale munito del sigillo o del timbro a secco dell\u2019Universit\u00e0, firmato in modo leggibile dal funzionario addetto e apostillato. Il diploma deve essere corredato di traduzione in lingua italiana apostillata. S<em>i ricorda che l&#8217;apostilla che accompagna il diploma brasiliano deve presentare, nella sezione &#8220;Este documento publico foi assinado por&#8221;, il nome ed il cognome della persona che ha firmato il diploma;<\/em><\/p>\n<p><strong>d)<\/strong>\u00a0Curriculum del corso in originale\u00a0e relativa\u00a0traduzione in italiano apostillati;<\/p>\n<p><strong>e)<\/strong>\u00a0Una dichiarazione dell\u2019Universit\u00e1 che indichi:<\/p>\n<p>\u2013 la durata del corso in semestri;<br \/>\n\u2013 la valutazione media finale con la scala di valori di riferimento (voto minimo, voto massimo e voto minimo di sufficienza).<\/p>\n<p>Questa dichiarazione, che pu\u00f2 essere presentata in uno o pi\u00f9 documenti separati, deve avere la firma del funzionario riconosciuta in\u00a0<em>Tabelionato<\/em>, oppure essere riconosciuta digitalmente in\u00a0<em>Tabelionato,<\/em>\u00a0ma non deve essere tradotta, n\u00e9 apostillata;<\/p>\n<p><strong>f)<\/strong>\u00a0Certificato di conclusione comprensivo del curriculum scolastico dell\u2019 Ensino Fundamental (per comprovare 11 o 12 anni di scolarizzazione), in originale,\u00a0munito del sigillo o del timbro a secco della scuola e firmato in modo leggibile dal funzionario addetto. La firma deve essere riconosciuta in un\u00a0<em>Tabelionato<\/em>. Il certificato deve altres\u00ed contenere il timbro di autenticazione della SEC (Secretaria Estadual de Educa\u00e7\u00e3o), ma non deve essere n\u00e9 tradotto, n\u00e9 apostillato;<\/p>\n<p><strong>g)\u00a0(solo in caso di richiesta di riconoscimento di titolo professionale):<\/strong>\u00a0Dichiarazione del Consiglio Regionale o dell\u2019Organo competente (con data di emissione non superiore ai tre mesi) apostillata,\u00a0da cui risulti con chiarezza l\u2019iscrizione e il relativo numero, se la professione \u00e9 regolamentata o no e in caso positivo, il numero della legge federale che regolamenta la professione in Brasile e che nulla osta all\u2019esercizio legale della professione; tale dichiarazione deve essere corredata di traduzione in lingua italiana apostillata;<\/p>\n<p>h) In caso di una qualificazione per esercitare la professione di insegnante, devono essere informate la materia scolastica (o le materie scolastiche) che il richiedente pu\u00f3 insegnare, gli ordini e livelli delle scuole in cui pu\u00f3 insegnare e l\u2019et\u00e1 degli alunni.<\/p>\n<p>&nbsp;<\/p>\n<p><a href=\"https:\/\/consportoalegre.esteri.it\/wp-content\/uploads\/2023\/05\/imparare_italiano_in_brasile-4.doc\"><strong>IMPARARE L\u2019ITALIANO IN BRASILE<\/strong><\/a><\/p>\n<p>&nbsp;<\/p>\n<p><strong>SCUOLE IN ITALIA<\/strong><\/p>\n<p>Una lista completa di scuole medie e superiori, e delle Universit\u00e0 Statali italiane \u00e8 disponibile sul sito del\u00a0<a href=\"http:\/\/www.istruzione.it\/\">MIUR\u00a0<\/a>(Ministero dell\u2019Istruzione dell\u2019Universit\u00e0 e della Ricerca).<\/p>\n<p>&nbsp;<\/p>\n<p><strong>UNIVERSIT\u00c0 ITALIANE<\/strong><\/p>\n<p>Inormazioni generali sull\u2019organizzazione e il funzionamento delle Universit\u00e0 italiane su questa sezione del sito MIUR. Liste complete delleUniversit\u00e0 possono essere consultate utilizzando il sistema di ricerca CINECA o nel sito CRUI \u2013 Conferenza dei Rettori delle Universit\u00e0 italiane.<\/p>\n<p>&nbsp;<\/p>\n<p><strong>UNIVERSIT\u00c0 ITALIANE IMMATRICOLAZIONI<\/strong><\/p>\n<p>Solo in italiano<\/p>\n<p>Sono pubblicate le procedure e tutti i moduli necessari per l\u2019accesso degli studenti stranieri ai corsi universitari per l\u2019anno accademico 2021\/2022:<\/p>\n<p><a href=\"http:\/\/www.studiare-in-italia.it\/studentistranieri\">http:\/\/www.studiare-in-italia.it\/studentistranieri<\/a><\/p>\n<p><a href=\"http:\/\/www.afam.miur.it\/\">http:\/\/www.afam.miur.it<\/a><\/p>\n<p><a href=\"http:\/\/www.universitaly.it\/\">http:\/\/www.universitaly.it<\/a><\/p>\n<p>&nbsp;<\/p>\n<p><strong>RIFERIMENTI NORMATIVI<\/strong><\/p>\n<p><a href=\"http:\/\/www.istruzione.it\/\">MIUR<\/a><\/p>\n<p><a href=\"http:\/\/www.esteri.it\/mae\/it\/ministero\/servizi\/italiani\/opportunita\/\">Studio \u2013 Sito Web del Ministero degli Affari Esteri (Farnesina)<\/a><\/p>\n<p>&nbsp;<\/p>\n","protected":false},"excerpt":{"rendered":"SETTORE COMPETENTE Settore Studio amministrazione.portoalegre@esteri.it Il Consolato Generale d\u2019Italia in Porto Alegre riceve certificati e diplomi ottenuti\u00a0all\u2019interno dello Stato del Rio Grande do Sul. La\u00a0Dichiarazione di valore in loco\u00a0\u00e8 un documento ufficiale, redatto in italiano, attestante l\u2019autenticit\u00e0 e legittimit\u00e0 della documentazione presentata, rilasciato dalle Rappresentanze diplomatiche italiane a coloro che, avendo conseguito un titolo di [&hellip;]","protected":false},"author":7,"featured_media":0,"parent":130,"menu_order":0,"comment_status":"closed","ping_status":"closed","template":"","meta":{"footnotes":""},"class_list":["post-422","page","type-page","status-publish","hentry"],"_links":{"self":[{"href":"https:\/\/consportoalegre.esteri.it\/it\/wp-json\/wp\/v2\/pages\/422","targetHints":{"allow":["GET"]}}],"collection":[{"href":"https:\/\/consportoalegre.esteri.it\/it\/wp-json\/wp\/v2\/pages"}],"about":[{"href":"https:\/\/consportoalegre.esteri.it\/it\/wp-json\/wp\/v2\/types\/page"}],"author":[{"embeddable":true,"href":"https:\/\/consportoalegre.esteri.it\/it\/wp-json\/wp\/v2\/users\/7"}],"replies":[{"embeddable":true,"href":"https:\/\/consportoalegre.esteri.it\/it\/wp-json\/wp\/v2\/comments?post=422"}],"version-history":[{"count":3,"href":"https:\/\/consportoalegre.esteri.it\/it\/wp-json\/wp\/v2\/pages\/422\/revisions"}],"predecessor-version":[{"id":4401,"href":"https:\/\/consportoalegre.esteri.it\/it\/wp-json\/wp\/v2\/pages\/422\/revisions\/4401"}],"up":[{"embeddable":true,"href":"https:\/\/consportoalegre.esteri.it\/it\/wp-json\/wp\/v2\/pages\/130"}],"wp:attachment":[{"href":"https:\/\/consportoalegre.esteri.it\/it\/wp-json\/wp\/v2\/media?parent=422"}],"curies":[{"name":"wp","href":"https:\/\/api.w.org\/{rel}","templated":true}]}}