{"id":311,"date":"2023-05-10T17:02:36","date_gmt":"2023-05-10T15:02:36","guid":{"rendered":"https:\/\/consportoalegre.esteri.it\/?page_id=311"},"modified":"2026-01-06T20:03:57","modified_gmt":"2026-01-06T19:03:57","slug":"aggiornamento-indirizzo","status":"publish","type":"page","link":"https:\/\/consportoalegre.esteri.it\/it\/servizi-consolari-e-visti\/servizi-per-il-cittadino-italiano\/anagrafe-degli-italiani-residenti-allestero-aire\/aggiornamento-indirizzo\/","title":{"rendered":"Aggiornamento indirizzo"},"content":{"rendered":"<p><strong>Solo cambio di indirizzo all&#8217;interno di questa circoscrizione consolare (stato di Rio Grande do Sul).<\/strong><\/p>\n<p>In caso di cambiamento dell\u2019indirizzo nello Stato del Rio Grande do Sul, i cittadini maggiorenni gi\u00e0 registrati presso l&#8217;AIRE (Anagrafe Italiani Residenti all&#8217;Estero) dovranno immediatamente comunicare la modifica tramite il portale <a href=\"https:\/\/serviziconsolari.esteri.it\/home\">Fast It<\/a>, cliccando nell&#8217;opzione &#8220;Comunicare la variazione della propria residenza&#8221;.<\/p>\n<p>Per accedere al servizio:<\/p>\n<p>\u2013 Procedere alla registrazione sul sito\u00a0<a href=\"https:\/\/serviziconsolari.esteri.it\/home\">Fast it \u2013 Il Portale dei Servizi Consolari\u00a0<\/a>(nel caso non si sia gi\u00e0 registrati in precedenza) e <a href=\"https:\/\/consportoalegre.esteri.it\/it\/servizi-consolari-e-visti\/servizi-per-il-cittadino-italiano\/anagrafe-degli-italiani-residenti-allestero-aire\/associazione-dellaccount-fast-it-allo-schedario-consolare\/\">richiedere l&#8217;associazione del proprio account Fast It allo schedario consolare;<\/a><\/p>\n<p>\u2013 Dopo aver ottenuto conferma dell&#8217;avvenuta associazione, accedere alla pagina \u201cAnagrafe consolare e Aire\u201d , cliccare su &#8220;Comunicare la variazione della propria residenza&#8221; e seguire le istruzioni.<\/p>\n<p>Dopo aver compilato il modulo di aggiornamento indirizzo sul portale Fast It, si prega di allegare i seguenti documenti (leggibili), ESCLUSIVAMENTE IN FORMATO PDF:<\/p>\n<p>1. Modulo di aggiornamento indirizzo compilato sul portale Fast It o \u201c<a href=\"https:\/\/consportoalegre.esteri.it\/wp-content\/uploads\/2023\/05\/ISCRIZIONE-AIRE.pdf\"><strong>Dichiarazione sostitutiva \/ modulo d\u2019iscrizione all\u2019AIRE<\/strong><\/a>\u201d debitamente compilato e firmato manualmente.<\/p>\n<p>I caratteri speciali (ad esempio ~\/\u00e7) e qualsiasi tipo di accento (^&#8217;`) non sono accettati.<\/p>\n<p>2.\u00a0 Se in possesso, copia dei documenti d\u2019identit\u00e0 italiani (passaporto, carta d\u2019identit\u00e0) o di un documento di identit\u00e0 brasiliano in corso di validit\u00e0 (passaporto brasiliano o RG). In caso di familiari conviventi, aggiungere anche i documenti dei familiar. In caso di figli minorenni, si raccomanda di caricare i documenti di riconoscimento di entrambi i genitori;<\/p>\n<p>3. Prova di residenza accettata:<\/p>\n<p>Per richiedere i servizi consolari \u00e8 indispensabile presentare uno dei seguenti documenti di residenza nella nostra circoscrizione consolare:<\/p>\n<ul>\n<li>Fornitori di servizi (elettricit\u00e0, gas, acqua, telefono fisso, Internet, TV via cavo)<\/li>\n<li>Tasse universitarie del richiedente<\/li>\n<li>Pagamento della pensione<\/li>\n<li>Dichiarazione del datore di lavoro (su carta intestata e con firma riconosciuta presso un\u00a0<em>Cartorio<\/em>)<\/li>\n<li>Dichiarazione dei redditi<\/li>\n<li>Dichiarazione dell\u2019amministratore del condominio (su carta intestata e con firma riconosciuta presso un\u00a0<em>Cartorio<\/em>)<\/li>\n<\/ul>\n<p>Tutte le prove di residenza sopra elencate sono alternative e non cumulative; devono inoltre essere recenti (rilasciate da non pi\u00f9 di 90 giorni).<\/p>\n<p>La prova di residenza pu\u00f2 essere presentata a nome del coniuge (se accompagnata da una prova del rapporto coniugale \u2013 ad esempio, un certificato di matrimonio recente) o del genitore italiano in caso di figli minori di 30 anni. In quest\u2019ultimo caso, la prova di residenza deve essere accompagnata da una dichiarazione firmata (clicca <a href=\"https:\/\/consportoalegre.esteri.it\/wp-content\/uploads\/2025\/03\/DICH-DEL-GENITORE-CONVIVENTE-IT.pdf\">qui<\/a>) secondo le indicazioni riportate sul modulo stesso.<\/p>\n<p>NON ci sono eccezioni. Al momento della richiesta di servizi, sar\u00e0 necessario presentare uno dei documenti sopra elencati. Il Consolato Generale si riserva la possibilit\u00e0 di richiedere documenti aggiuntivi ogni qualvolta lo ritenga necessario.<\/p>\n<p>Ogni cittadino italiano maggiorenne deve presentare una richiesta separata\u00a0(anche nel caso di figli maggiorenni conviventi con i genitori), poich\u00e9 il sistema rifiuter\u00e0 la domanda e verr\u00e0 effettuata una registrazione manuale nello schedario consolare.<\/p>\n<p><strong>Richiesta di trasferimento sede consolare<\/strong><\/p>\n<p>\u00c8 possibile informare il proprio trasferimento da una circoscrizione consolare a un&#8217;altra nello stesso Paese (ad es. Brasile) o tra Paesi diversi.<\/p>\n<p>Se si \u00e8 gi\u00e0 registrati sul portale Fast It, cliccare su &#8220;Comunicare la variazione della propria residenza&#8221; per cambiare la citt\u00e0 e\/o il Paese di residenza. Il sistema trasferir\u00e0 automaticamente l&#8217;account Fast It al Consolato di competenza. \u00c8 necessario continuare a compilare il modulo, seguendo le istruzioni del portale e allegando la documentazione richiesta.<\/p>\n<p>Prova di residenza accettata:<\/p>\n<p>Per richiedere i servizi consolari \u00e8 indispensabile presentare uno dei seguenti documenti di residenza nella nostra circoscrizione consolare:<\/p>\n<ul>\n<li>Fornitori di servizi (elettricit\u00e0, gas, acqua, telefono fisso, Internet, TV via cavo)<\/li>\n<li>Tasse universitarie del richiedente<\/li>\n<li>Pagamento della pensione<\/li>\n<li>Dichiarazione del datore di lavoro (su carta intestata e con firma riconosciuta presso un\u00a0<em>Cartorio<\/em>)<\/li>\n<li>Dichiarazione dei redditi<\/li>\n<li>Dichiarazione dell\u2019amministratore del condominio (su carta intestata e con firma riconosciuta presso un\u00a0<em>Cartorio<\/em>)<\/li>\n<\/ul>\n<p>Tutte le prove di residenza sopra elencate sono alternative e non cumulative; devono inoltre essere recenti (rilasciate da non pi\u00f9 di 90 giorni).<\/p>\n<p>La prova di residenza pu\u00f2 essere presentata a nome del coniuge (se accompagnata da una prova del rapporto coniugale \u2013 ad esempio, un certificato di matrimonio recente) o del genitore italiano in caso di figli minori di 30 anni. In quest\u2019ultimo caso, la prova di residenza deve essere accompagnata da una dichiarazione firmata (clicca\u00a0<a href=\"https:\/\/consportoalegre.esteri.it\/wp-content\/uploads\/2025\/03\/DICH-DEL-GENITORE-CONVIVENTE-IT.pdf\">qui<\/a>) secondo le indicazioni riportate sul modulo stesso.<\/p>\n<p>NON ci sono eccezioni. Al momento della richiesta di servizi, sar\u00e0 necessario presentare uno dei documenti sopra elencati. Il Consolato Generale si riserva la possibilit\u00e0 di richiedere documenti aggiuntivi ogni qualvolta lo ritenga necessario.<\/p>\n<p><strong>NOTA: <\/strong>il mancato aggiornamento dell&#8217;indirizzo di residenza rende impossibile il contatto del Consolato con il cittadino per ricevere la scheda elettorale, in caso di elezioni. Ci\u00f2 pu\u00f2 portare anche alla cancellazione dell&#8217;AIRE da parte del Comune.<\/p>\n<p><strong>ATTENZIONE<\/strong>: Il nostro ASSISTENTE VIRTUALE \u00e8 disponibile sulla homepage del sito del Consolato, con un\u2019icona blu in basso a destra, per rispondere a qualsiasi domanda e fornire informazioni.<\/p>\n","protected":false},"excerpt":{"rendered":"Solo cambio di indirizzo all&#8217;interno di questa circoscrizione consolare (stato di Rio Grande do Sul). In caso di cambiamento dell\u2019indirizzo nello Stato del Rio Grande do Sul, i cittadini maggiorenni gi\u00e0 registrati presso l&#8217;AIRE (Anagrafe Italiani Residenti all&#8217;Estero) dovranno immediatamente comunicare la modifica tramite il portale Fast It, cliccando nell&#8217;opzione &#8220;Comunicare la variazione della propria [&hellip;]","protected":false},"author":7,"featured_media":0,"parent":157,"menu_order":2,"comment_status":"closed","ping_status":"closed","template":"","meta":{"footnotes":""},"class_list":["post-311","page","type-page","status-publish","hentry"],"_links":{"self":[{"href":"https:\/\/consportoalegre.esteri.it\/it\/wp-json\/wp\/v2\/pages\/311","targetHints":{"allow":["GET"]}}],"collection":[{"href":"https:\/\/consportoalegre.esteri.it\/it\/wp-json\/wp\/v2\/pages"}],"about":[{"href":"https:\/\/consportoalegre.esteri.it\/it\/wp-json\/wp\/v2\/types\/page"}],"author":[{"embeddable":true,"href":"https:\/\/consportoalegre.esteri.it\/it\/wp-json\/wp\/v2\/users\/7"}],"replies":[{"embeddable":true,"href":"https:\/\/consportoalegre.esteri.it\/it\/wp-json\/wp\/v2\/comments?post=311"}],"version-history":[{"count":7,"href":"https:\/\/consportoalegre.esteri.it\/it\/wp-json\/wp\/v2\/pages\/311\/revisions"}],"predecessor-version":[{"id":5393,"href":"https:\/\/consportoalegre.esteri.it\/it\/wp-json\/wp\/v2\/pages\/311\/revisions\/5393"}],"up":[{"embeddable":true,"href":"https:\/\/consportoalegre.esteri.it\/it\/wp-json\/wp\/v2\/pages\/157"}],"wp:attachment":[{"href":"https:\/\/consportoalegre.esteri.it\/it\/wp-json\/wp\/v2\/media?parent=311"}],"curies":[{"name":"wp","href":"https:\/\/api.w.org\/{rel}","templated":true}]}}