{"id":283,"date":"2023-05-10T16:08:47","date_gmt":"2023-05-10T14:08:47","guid":{"rendered":"https:\/\/consportoalegre.esteri.it\/?page_id=283"},"modified":"2026-01-06T19:43:19","modified_gmt":"2026-01-06T18:43:19","slug":"iscrizione-aire-prima-registrazione-on-line-tramite-portale-fast-it","status":"publish","type":"page","link":"https:\/\/consportoalegre.esteri.it\/it\/servizi-consolari-e-visti\/servizi-per-il-cittadino-italiano\/anagrafe-degli-italiani-residenti-allestero-aire\/iscrizione-aire-prima-registrazione-on-line-tramite-portale-fast-it\/","title":{"rendered":"Iscrizione AIRE"},"content":{"rendered":"<p>Si ricorda che il tempo previsto per l\u2019analisi della documentazione \u00e8 entro 180 giorni. Se la documentazione non \u00e8 in regola, questo Consolato richieder\u00e0 l\u2019integrazione dei documenti tramite il portale Fast It (Verifica Fallita). Il termine per l\u2019invio della documentazione mancante \u00e8 di 30 giorni. In caso di mancata integrazione, la domanda decade automaticamente e si dovr\u00e0 presentare una nuova richiesta di iscrizione AIRE.<\/p>\n<p>La prima d&#8217;iscrizione all\u2019AIRE dei cittadini maggiorenni che si trasferiscono dall\u2019Italia o di coloro che hanno ottenuto il riconoscimento della cittadinanza per via giudiziale, dovr\u00e0 essere richiesta tramite il portale Fast It, dopo aver fatto una registrazione sul sito.<\/p>\n<p>Il portale \u00e8 accessibile al link: <a href=\"https:\/\/serviziconsolari.esteri.it\/home\">https:\/\/serviziconsolari.esteri.it\/home<\/a><\/p>\n<p><strong>ISTRUZIONI:<\/strong><\/p>\n<p><strong>&#8211; PRIMO PASSO: Registrarsi sul portale.<\/strong><\/p>\n<p>Se \u00e8 cittadino italiano e vuole iscriversi all&#8217;AIRE, sar\u00e0 necessario indicare un indirizzo mail e una password (da un minimo di 8 caratteri ad un massimo di 16, con almeno una lettera maiuscola, un numero e un carattere speciale).<\/p>\n<p><strong>&#8211; SECONDO PASSO: Attiva l&#8217;account.<\/strong><\/p>\n<p>Ricever\u00e0 una mail all\u2019indirizzo indicato, chiedendo di attivare l\u2019account (cliccare sul link di attivazione utenza).<br \/>\nQualora l\u2019account non sia attivato entro 72 ore, dovr\u00e0 essere richiesto un nuovo codice di attivazione (invio nuovo codice di attivazione). Controlli anche nello &#8220;spam&#8221; della sua casella di posta elettronica.<\/p>\n<p><strong>&#8211; TERZO PASSO: Compila la richiesta d&#8217;iscrizione.<\/strong><\/p>\n<p>Dopo aver attivato l\u2019account, dovr\u00e0 accedere al sistema per compilare la richiesta di iscrizione AIRE cliccando su &#8220;Richiedere l&#8217;iscrizione all&#8217;Anagrafe degli Italiani all&#8217;Estero&#8221;.<\/p>\n<p><strong>NOTA: <\/strong>si ricorda che la modifica dell&#8217;indirizzo e-mail rende impossibile l&#8217;accesso al portale Fast It se si \u00e8 gi\u00e0 presentata una domanda o se si \u00e8 presente una richiesta in corso.<\/p>\n<p>La richiesta d&#8217;iscrizione AIRE deve essere presentata ESCLUSIVAMENTE tramite il portale <a href=\"https:\/\/serviziconsolari.esteri.it\/home\">Fast It<\/a>.<\/p>\n<p><span style=\"text-decoration: underline;\">Ogni cittadino italiano maggiorenne deve presentare una richiesta separata<\/span> (anche nel caso di figli maggiorenni conviventi con i genitori), poich\u00e9 il sistema rifiuter\u00e0 la domanda e verr\u00e0 effettuata una registrazione manuale nello schedario consolare.<\/p>\n<p>Dopo aver compilato il modulo d&#8217;iscrizione AIRE sul portale Fast it, si prega di allegare i seguenti documenti, ESCLUSIVAMENTE IN FORMATO PDF. Non saranno accettate foto di documenti:<\/p>\n<p><strong>ALLEGATO A :<\/strong><br \/>\n&#8211; Modulo d&#8217;iscrizione AIRE compilato sul portale Fast It o &#8220;<a href=\"https:\/\/consportoalegre.esteri.it\/wp-content\/uploads\/2023\/05\/ISCRIZIONE-AIRE.pdf\"><strong>Dichiarazione sostitutiva \/ modulo d&#8217;iscrizione all&#8217;AIRE<\/strong><\/a>&#8221; debitamente compilato e firmato manualmente. In caso di figli minori, entrambi i genitori devono firmare;<\/p>\n<p><strong>ALLEGATO B:\u00a0<\/strong><br \/>\n1. Se in possesso, copia dei documenti d\u2019identit\u00e0 italiani (passaporto, carta d&#8217;identit\u00e0) o di un documento di identit\u00e0 brasiliano che riporti tutte le generalit\u00e0 del richiedente ed abbia una validit\u00e0 inferiore ai 10 anni. In caso di familiari conviventi, aggiungere anche i documenti dei familiari. In caso di figli minori, si raccomanda di allegare i documenti di riconoscimento di entrambi i genitori;<\/p>\n<p>2. Prova di residenza accettata:<\/p>\n<p>Per richiedere i servizi consolari \u00e8 indispensabile presentare uno dei seguenti documenti di residenza nella nostra circoscrizione consolare:<\/p>\n<ul>\n<li>Fornitori di servizi (elettricit\u00e0, gas, acqua, telefono fisso, Internet, TV via cavo)<\/li>\n<li>Tasse universitarie del richiedente<\/li>\n<li>Pagamento della pensione<\/li>\n<li>Dichiarazione del datore di lavoro (su carta intestata e con firma riconosciuta presso un <em>Cartorio<\/em>)<\/li>\n<li>Dichiarazione dei redditi<\/li>\n<li>Dichiarazione dell&#8217;amministratore del condominio (su carta intestata e con firma riconosciuta presso un <em>Cartorio<\/em>)<\/li>\n<\/ul>\n<p>Tutte le prove di residenza sopra elencate sono alternative e non cumulative; devono inoltre essere recenti (rilasciate da non pi\u00f9 di 90 giorni).<\/p>\n<p>La prova di residenza pu\u00f2 essere presentata a nome del coniuge (se accompagnata da una prova del rapporto coniugale &#8211; ad esempio, un certificato di matrimonio recente) o del genitore italiano in caso di figli minori di 30 anni. In quest&#8217;ultimo caso, la prova di residenza deve essere accompagnata da una dichiarazione firmata (clicca <a href=\"https:\/\/consportoalegre.esteri.it\/wp-content\/uploads\/2025\/03\/DICH-DEL-GENITORE-CONVIVENTE-IT.pdf\">qui<\/a>) secondo le indicazioni riportate sul modulo stesso.<\/p>\n<p>NON ci sono eccezioni. Al momento della richiesta di servizi, sar\u00e0 necessario presentare uno dei documenti sopra elencati. Il Consolato Generale si riserva la possibilit\u00e0 di richiedere documenti aggiuntivi ogni qualvolta lo ritenga necessario.<\/p>\n<p><strong>ALLEGATO C:<\/strong><strong><br \/>\n<\/strong>&#8211; Copia degli atti di stato civile (estratto dell&#8217;atto di nascita, estratto dell&#8217;atto di matrimonio e estratto dell&#8217;atto di nascita dei figli minori) trascritti dal Comune e, nel caso di cittadinanza riconosciuta via giudiziale, copia della sentenza di riconoscimento della cittadinanza e nel caso di cittadinanza per residenza in Italia, documenti italiani (carta d&#8217;identit\u00e0 e passaporto) e attestazione di cittadinanza rilasciata dal sindaco.<\/p>\n<p><strong>NOTA:\u00a0<\/strong>l&#8217;invio di tutti i documenti richiesti render\u00e0 pi\u00f9 veloce il completamento della procedura. L&#8217;incompletezza della documentazione comporter\u00e0 la mancata elaborazione della domanda.<\/p>\n<p><strong>IMPORTANTE<\/strong>: le domande di iscrizione all&#8217;AIRE vengono esaminate in base all&#8217;ordine di arrivo e, in ogni caso, entro il termine di 180 giorni previsto dalla legge a partire dalla data di presentazione della domanda completa di tutti i documenti richiesti. La conferma dell&#8217;iscrizione AIRE deve essere richiesta al Comune di competenza, che per legge \u00e8 responsabile dell&#8217;iscrizione AIRE.<\/p>\n<p><strong>ATTENZIONE<\/strong>: Il nostro ASSISTENTE VIRTUALE \u00e8 disponibile sulla homepage del sito del Consolato, con un&#8217;icona blu in basso a destra, per rispondere a qualsiasi domanda e fornire informazioni.<\/p>\n","protected":false},"excerpt":{"rendered":"Si ricorda che il tempo previsto per l\u2019analisi della documentazione \u00e8 entro 180 giorni. Se la documentazione non \u00e8 in regola, questo Consolato richieder\u00e0 l\u2019integrazione dei documenti tramite il portale Fast It (Verifica Fallita). Il termine per l\u2019invio della documentazione mancante \u00e8 di 30 giorni. In caso di mancata integrazione, la domanda decade automaticamente e [&hellip;]","protected":false},"author":7,"featured_media":0,"parent":157,"menu_order":0,"comment_status":"closed","ping_status":"closed","template":"","meta":{"footnotes":""},"class_list":["post-283","page","type-page","status-publish","hentry"],"_links":{"self":[{"href":"https:\/\/consportoalegre.esteri.it\/it\/wp-json\/wp\/v2\/pages\/283","targetHints":{"allow":["GET"]}}],"collection":[{"href":"https:\/\/consportoalegre.esteri.it\/it\/wp-json\/wp\/v2\/pages"}],"about":[{"href":"https:\/\/consportoalegre.esteri.it\/it\/wp-json\/wp\/v2\/types\/page"}],"author":[{"embeddable":true,"href":"https:\/\/consportoalegre.esteri.it\/it\/wp-json\/wp\/v2\/users\/7"}],"replies":[{"embeddable":true,"href":"https:\/\/consportoalegre.esteri.it\/it\/wp-json\/wp\/v2\/comments?post=283"}],"version-history":[{"count":6,"href":"https:\/\/consportoalegre.esteri.it\/it\/wp-json\/wp\/v2\/pages\/283\/revisions"}],"predecessor-version":[{"id":5377,"href":"https:\/\/consportoalegre.esteri.it\/it\/wp-json\/wp\/v2\/pages\/283\/revisions\/5377"}],"up":[{"embeddable":true,"href":"https:\/\/consportoalegre.esteri.it\/it\/wp-json\/wp\/v2\/pages\/157"}],"wp:attachment":[{"href":"https:\/\/consportoalegre.esteri.it\/it\/wp-json\/wp\/v2\/media?parent=283"}],"curies":[{"name":"wp","href":"https:\/\/api.w.org\/{rel}","templated":true}]}}