{"id":169,"date":"2022-12-07T19:41:18","date_gmt":"2022-12-07T18:41:18","guid":{"rendered":"https:\/\/consportoalegre.esteri.it\/?page_id=169"},"modified":"2023-06-08T19:17:37","modified_gmt":"2023-06-08T17:17:37","slug":"pensioni-e-sicurezza-sociale","status":"publish","type":"page","link":"https:\/\/consportoalegre.esteri.it\/it\/servizi-consolari-e-visti\/servizi-per-il-cittadino-italiano\/altri-servizi\/pensioni-e-sicurezza-sociale\/","title":{"rendered":"Pensioni e sicurezza sociale"},"content":{"rendered":"<p><b>E-mail: urp.portoalegre@esteri.it<\/b><\/p>\n<p><strong>COS&#8217;\u00c8<\/strong><\/p>\n<p><strong>LA SICUREZZA SOCIALE<\/strong><\/p>\n<p>Per &#8220;sicurezza sociale&#8221; si intende quell\u2019insieme di interventi finalizzati all\u2019erogazione di provvidenze in favore dei cittadini che si trovano in condizioni di bisogno; tali interventi vanno dalle cure gratuite agli indigenti, alla predisposizione e integrazione di organi e istituti che assicurino ai cittadini inabili al lavoro e sprovvisti dei mezzi per vivere il mantenimento e l\u2019assistenza sociale, e, ai lavoratori, mezzi adeguati alle esigenze di vita in caso di infortunio, malattia, invalidit\u00e0, vecchiaia e disoccupazione involontaria.<\/p>\n<p>La sicurezza sociale comprende:<\/p>\n<p>l\u2019assistenza sociale, che assolve ad una generica funzione di tutela degli indigenti, estesa a tutti i cittadini in caso di bisogno;<br \/>\nla previdenza sociale, che assolve alla funzione specifica di tutela dei lavoratori.<br \/>\nPer i dettagli e per conoscere i requisiti delle prestazioni previste dalla legge si consiglia di consultare il sito web dell\u2019INPS.<\/p>\n<p><strong>LA SICUREZZA SOCIALE INTERNAZIONALE<\/strong><\/p>\n<p>Per &#8220;sicurezza sociale internazionale&#8221; si intende la protezione sociale dei cittadini di un Paese residenti abitualmente in un altro Paese, garantita attraverso una regolamentazione internazionale. Nell\u2019Unione Europea la protezione sociale si realizza con l\u2019applicazione dei Regolamenti UE di sicurezza sociale, immediatamente e direttamente applicabili nei 27 Paesi che fanno parte attualmente dell\u2019Unione.<\/p>\n<p>Dal 1\u00b0 giugno 2002 tale normativa \u00e8 stata estesa anche alla Confederazione Svizzera grazie ad un apposito accordo.<\/p>\n<p>Nell\u2019area extra-UE, la protezione sociale viene normalmente attuata attraverso Convenzioni bilaterali.<\/p>\n<p>Per i dettagli consultare il sito web dell\u2019INPS.<\/p>\n<p><strong>PAGAMENTO ALL\u2019ESTERO DELLE PENSIONI INPS<\/strong><\/p>\n<p>Per il pagamento delle pensioni (oltre 411 mila) agli aventi diritto residenti all\u2019estero (in 131 Paesi), l\u2019INPS si avvale di un istituto di credito aggiudicatario di una gara d\u2019appalto che viene rinnovata con cadenza triennale. La banca incaricata del servizio opera a sua volta tramite istituti di credito corrispondenti nelle diverse aree.<\/p>\n<p>Le pensioni vengono pagate ai residenti all\u2019estero ogni mese. Le pensioni di importo inferiore a un limite stabilito per legge vengono pagate con periodicit\u00e0 semestrale come avviene per i pensionati in Italia. Il pagamento delle pensioni \u00e8 in genere effettuato con accredito sul conto corrente del pensionato.<\/p>\n<p>La banca incaricata dei pagamenti ha il compito di verificare annualmente l\u2019esistenza in vita, l\u2019indirizzo e la residenza del pensionato.<\/p>\n<p>A partire da febbraio 2012 il pagamento delle pensioni all\u2019estero \u00e8 affidato a Citibank.<\/p>\n<p>Le modalit\u00e0 concordate tra INPS e Citibank per la dimostrazione dell\u2019esistenza in vita prevedono che il pensionato compili un \u201cModulo di Certificazione di Esistenza in Vita\u201d (che avr\u00e0 ricevuto dalla stessa banca al suo domicilio), firmi il modulo facendone autenticare la sottoscrizione dall\u2019Ufficio consolare o da un pubblico ufficiale riconosciuto dalla legislazione del Suo paese di residenza e lo invii alla banca. Sul sito\u00a0<a title=\"INPS CITI\" href=\"http:\/\/www.inps.citi.com\/\">INPS CITI<\/a>\u00a0sono disponibili tutte le informazioni necessarie, tra cui un elenco di Pubblici Ufficiali abilitati ad autenticare il Certificato di Esistenza in Vita in ciascun paese, o area geografica e i riferimenti telefonici e mail dedicati all\u2019assistenza all\u2019utenza, ai quali gli interessati possono anche rivolgersi direttamente.<\/p>\n<p><strong>RILEVAZIONE ANNUALE DELL\u2019ESISTENZA IN VITA DEI PENSIONATI INPS ED EX INPDAP<\/strong><\/p>\n<p>L\u2019INPS ha informato che \u00e8 stata avviata il 6 febbraio scorso la rilevazione per l&#8217;anno 2016 dell&#8217;esistenza in vita dei pensionati INPS ed ex INPDAP e che \u00e8 in corso la spedizione del plico contenente la lettera esplicativa ed il\u00a0<strong>\u201cModulo di Certificazione di Esistenza in Vita\u201d<\/strong>. L&#8217;Istituto ha precisato che saranno concessi quattro mesi circa per trasmetterlo a Citibank, Istituto di credito abilitato, e ci\u00f2 dovr\u00e0 avvenire entro il 3 giugno prossimo. Si informa che da quest&#8217;anno \u00e8 possibile attestare l\u2019esistenza in vita direttamente &#8220;on line&#8221; da parte di questo Consolato Generale.<\/p>\n<p><strong>PATRONATI PER IL\u00a0RIO GRANDE DO SUL<\/strong><\/p>\n<p><strong>ITAL\u00a0 UIL &#8211;\u00a0PORTO ALEGRE<\/strong><br \/>\nELISETE BERTOLLO<br \/>\nRua\u00a0Cel.Bordini, 555\/602<br \/>\nCEP\u00a090440-001 &#8211; Porto Alegre (RS)<br \/>\nFone\/Whattsapp: (+55).51.99943.2115<br \/>\nEmail:\u00a0<a href=\"mailto:italpoa@uil.org.br\" target=\"_blank\" rel=\"noopener noreferrer\">italpoa@uil.org.br<\/a><\/p>\n<p>Orario di ricevimento al pubblico suprenotazione via WhatsApp<\/p>\n<p>&nbsp;<\/p>\n<p><strong>INCA\u00a0 CGIL<\/strong><br \/>\nRua Barros Cassal 283 &#8211; Bairro Floresta<br \/>\nPorto Alegre (RS)<br \/>\nFone: 0055.051.3224.1718 (Mara)<br \/>\nFax: 0055.051.3228.0394<br \/>\nHor\u00e1rio: Segunda a sexta das 08:30 \u00e0s 12:00 e 13:00 \u00e0s 15:30<br \/>\nE-mail:\u00a0<a href=\"mailto:incars@portoweb.com.br\">incars@portoweb.com.br<\/a>\u00a0e\u00a0<a href=\"mailto:portoalegre.brasile@inca.it\">portoalegre.brasile@inca.it<\/a><br \/>\nRespons\u00e1vel: Simone Marisa Batista<\/p>\n<p><strong>RIFERIMENTI NORMATIVI<\/strong><\/p>\n<p><a title=\"Pensioni e sicurezza sociale - Sito Web del Ministero degli Affari Esteri (Farnesina)\" href=\"https:\/\/www.esteri.it\/it\/servizi-consolari-e-visti\/italiani-all-estero\/sicurezzasociale\/\">Pensioni e sicurezza sociale &#8211; Sito Web del Ministero degli Affari Esteri (Farnesina)<\/a><\/p>\n<p><a title=\"INPS\" href=\"https:\/\/www.inps.it\/\">INPS<\/a><\/p>\n","protected":false},"excerpt":{"rendered":"E-mail: urp.portoalegre@esteri.it COS&#8217;\u00c8 LA SICUREZZA SOCIALE Per &#8220;sicurezza sociale&#8221; si intende quell\u2019insieme di interventi finalizzati all\u2019erogazione di provvidenze in favore dei cittadini che si trovano in condizioni di bisogno; tali interventi vanno dalle cure gratuite agli indigenti, alla predisposizione e integrazione di organi e istituti che assicurino ai cittadini inabili al lavoro e sprovvisti dei [&hellip;]","protected":false},"author":3,"featured_media":0,"parent":171,"menu_order":0,"comment_status":"closed","ping_status":"closed","template":"","meta":{"footnotes":""},"class_list":["post-169","page","type-page","status-publish","hentry"],"_links":{"self":[{"href":"https:\/\/consportoalegre.esteri.it\/it\/wp-json\/wp\/v2\/pages\/169","targetHints":{"allow":["GET"]}}],"collection":[{"href":"https:\/\/consportoalegre.esteri.it\/it\/wp-json\/wp\/v2\/pages"}],"about":[{"href":"https:\/\/consportoalegre.esteri.it\/it\/wp-json\/wp\/v2\/types\/page"}],"author":[{"embeddable":true,"href":"https:\/\/consportoalegre.esteri.it\/it\/wp-json\/wp\/v2\/users\/3"}],"replies":[{"embeddable":true,"href":"https:\/\/consportoalegre.esteri.it\/it\/wp-json\/wp\/v2\/comments?post=169"}],"version-history":[{"count":0,"href":"https:\/\/consportoalegre.esteri.it\/it\/wp-json\/wp\/v2\/pages\/169\/revisions"}],"up":[{"embeddable":true,"href":"https:\/\/consportoalegre.esteri.it\/it\/wp-json\/wp\/v2\/pages\/171"}],"wp:attachment":[{"href":"https:\/\/consportoalegre.esteri.it\/it\/wp-json\/wp\/v2\/media?parent=169"}],"curies":[{"name":"wp","href":"https:\/\/api.w.org\/{rel}","templated":true}]}}