{"id":161,"date":"2022-12-07T19:26:26","date_gmt":"2022-12-07T18:26:26","guid":{"rendered":"https:\/\/consportoalegre.esteri.it\/?page_id=161"},"modified":"2023-06-08T15:59:45","modified_gmt":"2023-06-08T13:59:45","slug":"assistenza-ai-cittadini-allestero","status":"publish","type":"page","link":"https:\/\/consportoalegre.esteri.it\/it\/servizi-consolari-e-visti\/servizi-per-il-cittadino-italiano\/altri-servizi\/assistenza-ai-cittadini-allestero\/","title":{"rendered":"Assistenza ai cittadini all&#8217;estero"},"content":{"rendered":"<p><b>E-mail: urp.portoalegre@esteri.it<\/b><\/p>\n<p>Se vi trovate in una situazione di difficolt\u00e0 mentre siete all\u2019estero, l\u2019Ufficio consolare competente pu\u00f2, su vostra richiesta, intervenire in vostro favore.<\/p>\n<p>Possibili interventi includono:<\/p>\n<ul>\n<li><a class=\"\" href=\"https:\/\/www.esteri.it\/it\/servizi-consolari-e-visti\/italiani-all-estero\/assistenzacittadiniestero\/assistenza_detenuti\"><strong>assistenza ai detenuti<\/strong><\/a><\/li>\n<li><a class=\"\" href=\"https:\/\/www.esteri.it\/it\/servizi-consolari-e-visti\/italiani-all-estero\/assistenzacittadiniestero\/assistenza_economica\"><strong>assistenza economica<\/strong><\/a><\/li>\n<li><a class=\"\" href=\"https:\/\/www.esteri.it\/it\/servizi-consolari-e-visti\/italiani-all-estero\/assistenzacittadiniestero\/assistenza_sanitaria\"><strong>assistenza sanitaria<\/strong><\/a><\/li>\n<li><a class=\"\" href=\"https:\/\/www.esteri.it\/it\/servizi-consolari-e-visti\/italiani-all-estero\/assistenzacittadiniestero\/assistenza_legale\"><strong>assistenza legale<\/strong><\/a><\/li>\n<li><a class=\"\" href=\"https:\/\/www.esteri.it\/it\/servizi-consolari-e-visti\/italiani-all-estero\/assistenzacittadiniestero\/furto_smarrimento_documenti\"><strong>assistenza in caso di furto o smarrimento di documenti<\/strong><\/a><\/li>\n<li><a class=\"\" href=\"https:\/\/www.esteri.it\/it\/servizi-consolari-e-visti\/italiani-all-estero\/assistenzacittadiniestero\/ricerche_connazionali\"><strong>assistenza nella ricerca di connazionali<\/strong><\/a><\/li>\n<li><a href=\"https:\/\/www.esteri.it\/it\/servizi-consolari-e-visti\/italiani-all-estero\/assistenzacittadiniestero\/rimpatri\"><strong>rimpatrio consolare<\/strong><\/a><\/li>\n<\/ul>\n<p><a class=\"focus--mouse\" href=\"https:\/\/www.esteri.it\/it\/servizi-consolari-e-visti\/italiani-all-estero\/assistenzacittadiniestero\/assistenza_indiretta\"><strong>Assistenza indiretta attraverso Enti ed Associazioni Assistenziali<\/strong><\/a><\/p>\n<p><strong>COS\u2019E\u2019<\/strong><\/p>\n<p>Nei limiti delle risorse messe a disposizione sotto forma di contributo statale, questo Consolato Generale opera affinch\u00e9 gli enti e le associazioni assistenziali dislocati sul territorio della circoscrizione consolare possano agire come una rete assistenziale, diretta soprattutto a sostenere i connazionali in grave stato di necessit\u00e0 tramite l\u2019assistenza sanitaria, sociale o legale in forma gratuita o semi-gratuita, anche attraverso il pagamento di servizi prestati da enti gestori di ospedali, case di cura, case di riposo per anziani o comunit\u00e0 terapeutiche.<\/p>\n<p>Strutture ospedaliere e assistenziali convenzionate con questo Consolato Generale:<\/p>\n<p><strong><span lang=\"PT-BR\">Irmandade Santa Casa de Miseric\u00f3rdia<\/span><\/strong><span lang=\"PT-BR\"><br \/>\n<\/span><span lang=\"PT-BR\">Centro Hospitalar Policl\u00ednico Santa Clara<\/span><span lang=\"PT-BR\"><br \/>\n<\/span><span lang=\"PT-BR\">Rua Prof. Annes Dias, 135\u00a0<\/span><span lang=\"PT-BR\">90020-090 \u2013 Porto Alegre (RS)<\/span><\/p>\n<p>Complesso ospedaliero con professionisti capaci e moderne istallazioni, offre ai cittadini italiani indigenti i seguenti servizi sanitari:<\/p>\n<p>visite mediche ambulatoriali;<br \/>\nesami di laboratorio, radiografie, ecc.;<br \/>\npiccoli interventi ambulatoriali.<\/p>\n<p>Strutture ospedaliere e assistenziali di supporto:<\/p>\n<p><strong><span lang=\"PT-BR\">Amparo Santa Cruz<\/span><\/strong><span lang=\"PT-BR\"><br \/>\n<\/span><span lang=\"PT-BR\">Estrada Costa Gama, 719<br \/>\n<\/span>91787-290 \u2013 Porto Alegre (RS)<\/p>\n<p>\u00c8 un centro di assistenza coordinato da religiosi che aiutano giovani e gli\u00a0anziani tramite diversi servizi quali: alimentazione, medicinali, vitto per brevi periodi, istruzione professionale.<\/p>\n<p><strong>I.A.S.I. \u2013 Istituto di Assistenza Sociale agli Italiani\u00a0del RS<\/strong><br \/>\n<span lang=\"PT-BR\">Rua Dr. Barros Cassal, 220 (vicino\u00a0alla Igreja da Pomp\u00e9ia)<br \/>\n<\/span><span lang=\"PT-BR\">90035-030 \u2013 Porto Alegre (RS)<\/span><\/p>\n<p><strong><span lang=\"PT-BR\">Hospital M\u00e3e de Deus<\/span><\/strong><span lang=\"PT-BR\"><br \/>\n<\/span><span lang=\"PT-BR\">Rua Jos\u00e9 de Alencar, 286<br \/>\n<\/span><span lang=\"PT-BR\">90880-480- Porto Alegre (RS)<\/span><\/p>\n<p><strong><a href=\"https:\/\/www.esteri.it\/it\/servizi-consolari-e-visti\/italiani-all-estero\/assistenzacittadiniestero\/rimpatrio_salme\">Rimpatrio di salme, ceneri o resti mortali<\/a><\/strong><\/p>\n<p><strong>COS\u2019E\u2019<\/strong><\/p>\n<p>Questo Consolato Generale fornisce assistenza e consulenza in caso di rimpatrio di salme, ceneri o resti mortali di cittadini italiani deceduti all\u2019estero nella propria Circoscrizione Consolare (Stato del Rio Grande do Sul).<\/p>\n<p>In questo ambito, provvede alla richiesta di autorizzazione\/nulla osta\u00a0al Comune italiano per la tumulazione o inumazione della salma, delle ceneri o dei resti mortali ed al rilascio del passaporto mortuario.<\/p>\n<p><strong>PROCEDURA PER IL RIMPATRIO<\/strong><\/p>\n<p>Ufficio Consolare<br \/>\nSala 4, Piano III<br \/>\nTel.:\u00a0 0055.51.32308200<br \/>\nE-mail:\u00a0<a href=\"mailto:urp.portoalegre@esteri.it\">urp.portoalegre@esteri.it<\/a><\/p>\n<p>Per accelerare il rilascio di detta autorizzazione\/nulla osta del Comune italiano di riferimento, occorre informare il prima possibile l&#8217;Ufficio Consolare competente telefonicamente e anticipare via email o via fax\u00a0<a href=\"https:\/\/consportoalegre.esteri.it\/wp-content\/uploads\/2023\/05\/17595_f_cons97ModulorichiestarimpatrioSALMACENERIRESTIMORTALInew.doc\">il modulo di richiesta di rimpatrio salma, ceneri, resti mortali<\/a>.<\/p>\n<p>Al fine di ottenere il rilascio del passaporto mortuario il richiedente dovr\u00e0 poi presentarsi presso l\u2019Ufficio Consolare e consegnare la seguente documentazione:<\/p>\n<p><strong>Rimpatrio salme<\/strong><\/p>\n<p>a) N. 2 originali del certificato di morte, con firma dell\u2019Ufficiale di Stato Civile (Cart\u00f3rio) riconosciuta dal Notaio (Tabelionato) con traduzione semplice;<\/p>\n<p>b) Originale del certificato della competente Autorit\u00e0 sanitaria del luogo di decesso attestante l&#8217;osservanza delle prescrizioni relative al feretro e al trattamento antiputrefattivo previste dalla normativa italiana (artt. 30, 32 D.P.R. 285\/90), e attestante il decesso in zona esente da malattie infettive e di natura endemica, con firma dell\u2019Ufficiale riconosciuta dal Notaio (Tabelionato) con traduzione semplice;<\/p>\n<p>c) Originale del certificato medico dal quale risulti la causa della morte, con firma dell\u2019Ufficiale medico riconosciuta dal Notaio (Tabelionato) con traduzione semplice;<\/p>\n<p>d) Originale della dichiarazione rilasciata dall&#8217;Autorit\u00e0 competente del Paese di estradizione, che escluda, in seguito a certificazione medica, il sospetto di morte dovuta a reato, con firma dell\u2019Ufficiale riconosciuta dal Notaio (Tabelionato) con traduzione semplice (da presentare solo in caso di successiva cremazione della salma da effettuare in territorio italiano);<\/p>\n<p>e) Originale del nulla osta dell&#8217;Autorit\u00e0 Giudiziaria del luogo del decesso, con firma dell\u2019Ufficiale riconosciuta dal Notaio (Tabelionato) con traduzione semplice (art. 79 D.P.R. 285\/90 \u2013 da presentare solo in caso di morte improvvisa o sospetta).<\/p>\n<p><strong>Rimpatrio ceneri<\/strong><\/p>\n<p>a) N. 2 originali del certificato di morte, con firma dell\u2019Ufficiale di Stato Civile riconosciuta dal Notaio (Tabelionato) con traduzione semplice;<\/p>\n<p>b) Originale del certificato di cremazione del Crematorio metropolitano, con firma dell\u2019Ufficiale riconosciuta dal Notaio (Tabelionato) con traduzione semplice;<\/p>\n<p>c) Originale della dichiarazione del Crematorio metropolitano, riportante gli estremi anagrafici del deceduto, la data di nascita e di morte e l\u00b4indicazione del numero dei sigilli e dell\u00b4urna (art. 80 D.P.R. 285\/90, art. 411 Codice Penale), con firma dell\u2019Ufficiale riconosciuta dal Notaio (Tabelionato) con traduzione semplice.<\/p>\n<p><strong>Rimpatrio resti mortali<\/strong><\/p>\n<p>a) N. 2 originali del certificato di morte, con firma dell\u2019Ufficiale di Stato Civile (Cart\u00f3rio) riconosciuta dal Notaio (Tabelionato) con traduzione semplice;<\/p>\n<p>b) Originale del verbale di esumazione delle ossa rilasciato dal Cimitero locale, con firma dell\u2019Ufficiale Cimiteriale riconosciuta dal Notaio (Tabelionato) con traduzione semplice.<\/p>\n<p>NOTA: L\u2019Ufficio Consolare pu\u00f2 agevolare i contatti con le locali agenzie di pompe funebri, ma non pu\u00f2 assumere oneri finanziari connessi al rimpatrio della salma, delle ceneri o dei resti\u00a0mortali,\u00a0o alla sepoltura in loco. Si raccomanda di non effettuare prenotazioni aeree prima di avere ricevuto l&#8217;autorizzazione del Comune italiano.<\/p>\n<p><strong>RIFERIMENTI NORMATIVI<\/strong><\/p>\n<p><a title=\"Assistenza ai cittadini all'estero - Sito Web del Ministero degli Affari Esteri (Farnesina)\" href=\"https:\/\/www.esteri.it\/it\/servizi-consolari-e-visti\/italiani-all-estero\/assistenzacittadiniestero\/\">Assistenza ai cittadini all&#8217;estero &#8211; Sito Web del Ministero degli Affari Esteri (Farnesina)<\/a><\/p>\n<p><a href=\"https:\/\/consportoalegre.esteri.it\/wp-content\/uploads\/2023\/05\/12890_f_cons97DPR28590RegolamentoPoliziaMortuaria.doc\">D.P.R. 285\/90 Regolamento di Polizia mortuaria<\/a><\/p>\n<p><a href=\"https:\/\/consportoalegre.esteri.it\/wp-content\/uploads\/2023\/05\/12892_f_cons97Legge1302001cremazioneedispersioneceneri1.doc\">Lei 130\/2001 Crema\u00e7\u00e3o e dispers\u00e3o de cinzas<\/a><\/p>\n<p><a href=\"https:\/\/consportoalegre.esteri.it\/wp-content\/uploads\/2023\/05\/12891_f_cons97CircMinSanita241993.doc\">Circolare Ministero Sanit\u00e0 n. 24\/1993<\/a><\/p>\n<p>&nbsp;<\/p>\n","protected":false},"excerpt":{"rendered":"E-mail: urp.portoalegre@esteri.it Se vi trovate in una situazione di difficolt\u00e0 mentre siete all\u2019estero, l\u2019Ufficio consolare competente pu\u00f2, su vostra richiesta, intervenire in vostro favore. Possibili interventi includono: assistenza ai detenuti assistenza economica assistenza sanitaria assistenza legale assistenza in caso di furto o smarrimento di documenti assistenza nella ricerca di connazionali rimpatrio consolare Assistenza indiretta attraverso [&hellip;]","protected":false},"author":3,"featured_media":0,"parent":171,"menu_order":0,"comment_status":"closed","ping_status":"closed","template":"","meta":{"footnotes":""},"class_list":["post-161","page","type-page","status-publish","hentry"],"_links":{"self":[{"href":"https:\/\/consportoalegre.esteri.it\/it\/wp-json\/wp\/v2\/pages\/161","targetHints":{"allow":["GET"]}}],"collection":[{"href":"https:\/\/consportoalegre.esteri.it\/it\/wp-json\/wp\/v2\/pages"}],"about":[{"href":"https:\/\/consportoalegre.esteri.it\/it\/wp-json\/wp\/v2\/types\/page"}],"author":[{"embeddable":true,"href":"https:\/\/consportoalegre.esteri.it\/it\/wp-json\/wp\/v2\/users\/3"}],"replies":[{"embeddable":true,"href":"https:\/\/consportoalegre.esteri.it\/it\/wp-json\/wp\/v2\/comments?post=161"}],"version-history":[{"count":0,"href":"https:\/\/consportoalegre.esteri.it\/it\/wp-json\/wp\/v2\/pages\/161\/revisions"}],"up":[{"embeddable":true,"href":"https:\/\/consportoalegre.esteri.it\/it\/wp-json\/wp\/v2\/pages\/171"}],"wp:attachment":[{"href":"https:\/\/consportoalegre.esteri.it\/it\/wp-json\/wp\/v2\/media?parent=161"}],"curies":[{"name":"wp","href":"https:\/\/api.w.org\/{rel}","templated":true}]}}