{"id":134,"date":"2022-12-07T19:08:53","date_gmt":"2022-12-07T18:08:53","guid":{"rendered":"https:\/\/consportoalegre.esteri.it\/?page_id=134"},"modified":"2025-10-16T21:08:02","modified_gmt":"2025-10-16T19:08:02","slug":"fare-affari-in-brasile","status":"publish","type":"page","link":"https:\/\/consportoalegre.esteri.it\/it\/italia-e-brasile\/diplomazia-economica\/fare-affari-in-brasile\/","title":{"rendered":"Fare affari in Brasile"},"content":{"rendered":"<p><strong>Guida agli affari in Brasile\u00a0<\/strong><\/p>\n<p><a href=\"https:\/\/www.infomercatiesteri.it\/approfondimenti.php?id_paesi=38\"><strong>Guida agli affari in Brasile 2025<\/strong><\/a><\/p>\n<p>&nbsp;<\/p>\n<p><strong>La CCIRS<\/strong><\/p>\n<p><a href=\"http:\/\/www.ccirs.com.br\/?q=it\/node\/18\"><strong>Camera di Commercio Italiana del Rio Grande do Sul &#8211; Brasile<\/strong><\/a><\/p>\n<p>La Camera di Commercio Italiana del Rio Grande do Sul inizi\u00f2 le sue attivit\u00e1 nel 1959, nella citt\u00e0 di Porto Alegre. Nel corso degli anni, successive amministrazioni hanno sempre confermato lo scopo originale di incentivare le relazioni economiche, commerciali, finanziarie, turistiche, culturali ed artistiche, tra Brasile e Italia, in stretto rapporto con le autorit\u00e0 governative, diplomatiche, federazioni, associazioni imprenditoriali e istituzioni, sia in Italia che in Brasile.<\/p>\n<p>Missione:<br \/>\nIntegrare e realizzare le potenziali relazioni economiche tra imprese italiane e brasiliane, principalmente riograndensi, considerando le effettive condizioni del mercato, le obiettive realt\u00e0 economiche e produttive, nonch\u00e9 l&#8217;eccellenza nella fornitura di servizi.<\/p>\n<p>Visione:<br \/>\nEssere un punto essenziale di riferimento rispetto al processo di internazionalizzazione delle Imprese, con ampia qualit\u00e0 ed efficenza nelle azioni e servizi.<\/p>\n<p>Vedi anche gli altri Servizi disponibili nel men\u00f9 a lato.<\/p>\n","protected":false},"excerpt":{"rendered":"Guida agli affari in Brasile\u00a0 Guida agli affari in Brasile 2025 &nbsp; La CCIRS Camera di Commercio Italiana del Rio Grande do Sul &#8211; Brasile La Camera di Commercio Italiana del Rio Grande do Sul inizi\u00f2 le sue attivit\u00e1 nel 1959, nella citt\u00e0 di Porto Alegre. Nel corso degli anni, successive amministrazioni hanno sempre confermato [&hellip;]","protected":false},"author":3,"featured_media":0,"parent":65,"menu_order":0,"comment_status":"closed","ping_status":"closed","template":"","meta":{"footnotes":""},"class_list":["post-134","page","type-page","status-publish","hentry"],"_links":{"self":[{"href":"https:\/\/consportoalegre.esteri.it\/it\/wp-json\/wp\/v2\/pages\/134","targetHints":{"allow":["GET"]}}],"collection":[{"href":"https:\/\/consportoalegre.esteri.it\/it\/wp-json\/wp\/v2\/pages"}],"about":[{"href":"https:\/\/consportoalegre.esteri.it\/it\/wp-json\/wp\/v2\/types\/page"}],"author":[{"embeddable":true,"href":"https:\/\/consportoalegre.esteri.it\/it\/wp-json\/wp\/v2\/users\/3"}],"replies":[{"embeddable":true,"href":"https:\/\/consportoalegre.esteri.it\/it\/wp-json\/wp\/v2\/comments?post=134"}],"version-history":[{"count":2,"href":"https:\/\/consportoalegre.esteri.it\/it\/wp-json\/wp\/v2\/pages\/134\/revisions"}],"predecessor-version":[{"id":5175,"href":"https:\/\/consportoalegre.esteri.it\/it\/wp-json\/wp\/v2\/pages\/134\/revisions\/5175"}],"up":[{"embeddable":true,"href":"https:\/\/consportoalegre.esteri.it\/it\/wp-json\/wp\/v2\/pages\/65"}],"wp:attachment":[{"href":"https:\/\/consportoalegre.esteri.it\/it\/wp-json\/wp\/v2\/media?parent=134"}],"curies":[{"name":"wp","href":"https:\/\/api.w.org\/{rel}","templated":true}]}}